{"id":983,"date":"2015-12-30T12:27:45","date_gmt":"2015-12-30T12:27:45","guid":{"rendered":"http:\/\/medical.bold-themes.com\/clinic\/?page_id=983"},"modified":"2025-08-29T08:18:23","modified_gmt":"2025-08-29T06:18:23","slug":"home-2","status":"publish","type":"page","link":"https:\/\/szpitalpsychiatrycznywegorzewo.pl\/","title":{"rendered":"Home"},"content":{"rendered":"<p><section id=\"bt_section69eb5d0b3f777\" data-parallax=\"0.05\" data-parallax-offset=\"0\" class=\"boldSection topExtraSpaced bottomExtraSpaced gutter btBottomVertical btParallax wBackground cover\" style=\"background-image:url('https:\/\/szpitalpsychiatrycznywegorzewo.pl\/wp-content\/uploads\/2024\/06\/bg.jpg');\"><div class=\"port\"><div class=\"boldCell\"><div class=\"boldCellInner\"><div class=\"boldRow  \" ><div class=\"boldRowInner\"><div class=\"rowItem col-md-9 col-ms-12  btTextLeft\"  ><div class=\"rowItemContent\" ><div class=\"btClear btSeparator topSpaced noBorder\" ><hr><\/div><div class=\"btClear btSeparator topSemiSpaced noBorder\" ><hr><\/div><header class=\"header btClear extralarge btDash bottomDash  btAccentDash\" ><div class=\"dash\"><h1><span class=\"headline\"><b class=\"animate\">Zdrowie psychiczne<\/b><em><br \/><br>najwy\u017cszym dobrem cz\u0142owieka<\/em><\/span><\/h1><\/div><\/header><header class=\"header btClear extralarge  btNormalDash\" ><\/header><div class=\"btClear btSeparator topSmallSpaced noBorder\" ><hr><\/div><a href=\"\/?page_id=13120\" class=\"btBtn btBtn btnFilledStyle btnAccentColor btnMedium btnNormalWidth btnRightPosition btnNoIcon\" ><span class=\"btnInnerText\">O szpitalu<\/span><\/a><a href=\"#\" class=\"btBtn btBtn btnFilledStyle btnAlternateColor btnMedium btnNormalWidth btnRightPosition btnNoIcon\" ><span class=\"btnInnerText\">Portal Pacjenta<\/span><\/a><div class=\"btClear btSeparator topSemiSpaced noBorder\" ><hr><\/div><\/div><\/div><div class=\"rowItem col-md-3 col-sm-6 col-ms-12 btTextLeft\"  ><div class=\"rowItemContent\" ><\/div><\/div><\/div><\/div><\/div><\/div><\/div><\/section><section id=\"bt_section69eb5d0b3fc93\"  class=\"boldSection bottomSpaced gutter inherit\" ><div class=\"port\"><div class=\"boldCell\"><div class=\"boldCellInner\"><div class=\"boldRow  \" ><div class=\"boldRowInner\"><div class=\"rowItem col-md-8 col-ms-12 btTextLeft animate animate-fadein inherit\"  ><div class=\"rowItemContent\" ><div class=\"btClear btSeparator bottomSemiSpaced noBorder\" ><hr><\/div><header class=\"header btClear extralarge btDash bottomDash  btAccentDash\" ><div class=\"btSuperTitle\">Pacjent w centrum uwagi<\/div><div class=\"dash\"><h1><span class=\"headline\"><em>Poznaj<\/em> <b class=\"animate\">nasze us\u0142ugi<\/b><\/span><\/h1><\/div><\/header><div class=\"btClear btSeparator bottomSemiSpaced noBorder\" ><hr><\/div><\/div><\/div><div class=\"rowItem col-md-4 col-ms-12 btTextLeft\"  ><div class=\"rowItemContent\" ><\/div><\/div><\/div><\/div><div class=\"boldRow  \" ><div class=\"boldRowInner\"><div class=\"rowItem col-md-4 col-ms-12 btTextLeft animate animate-fadein btTextIndent inherit btDoublePadding\"  ><div class=\"rowItemContent\" ><div class=\"bpgPhoto btTextCenter\"  style=\"margin: 0 -30px;\"> \r\n\t\t\t\t\t<a href=\"\/?page_id=13120\" target=\"_self\" title=\"\"><\/a>\r\n\t\t\t\t\t<div class=\"boldPhotoBox\"><div class=\"bpbItem\"><div class = \"btImage\"><img decoding=\"async\" src=\"https:\/\/szpitalpsychiatrycznywegorzewo.pl\/wp-content\/uploads\/2024\/06\/oddzialy-320x215.png\" alt=\"\" title=\"\" ><\/div><\/div><\/div>\r\n\t\t\t\t\t<div class=\"captionPane\">\r\n\t\t\t\t\t\t<div class=\"captionTable\">\r\n\t\t\t\t\t\t\t<div class=\"captionCell\">\r\n\t\t\t\t\t\t\t\t<div class=\"captionTxt\"><\/div>\r\n\t\t\t\t\t\t\t<\/div>\r\n\t\t\t\t\t\t<\/div>\r\n\t\t\t\t\t<\/div><\/div><div class=\"btIconImageRow btIconsHalfHoverPosition\" ><span class=\"btIco btIcoFilledType btIcoBigSize btIcoAlterColor   \" ><a href=\"\/?page_id=13120\"  target = \"no_target\" data-ico-fa=\"&#xf0f8;\" class=\"btIcoHolder\"><em><\/em><\/a><\/span><\/div><div class=\"btClear btSeparator topExtraSmallSpaced noBorder\" ><hr><\/div><header class=\"header btClear medium btDash topDash  btAccentDash\" ><div class=\"dash\"><h3><span class=\"headline\">Oddzia\u0142y stacjonarne<\/span><\/h3><\/div><\/header><div class=\"btClear btSeparator topExtraSmallSpaced noBorder\" ><hr><\/div><div class=\"btText\" ><\/p>\n<p>Oddzia\u0142 detoksykacyjny i psychiatryczny<\/p>\n<p>\n<\/div><div class=\"btClear btSeparator topSmallSpaced noBorder\" ><hr><\/div><\/div><\/div><div class=\"rowItem col-md-4 col-ms-12 btTextLeft animate animate-fadein btTextIndent inherit btDoublePadding\"  ><div class=\"rowItemContent\" ><div class=\"bpgPhoto btTextCenter\"  style=\"margin: 0 -30px;\"> \r\n\t\t\t\t\t<a href=\"\/?page_id=13120\" target=\"_self\" title=\"\"><\/a>\r\n\t\t\t\t\t<div class=\"boldPhotoBox\"><div class=\"bpbItem\"><div class = \"btImage\"><img decoding=\"async\" src=\"https:\/\/szpitalpsychiatrycznywegorzewo.pl\/wp-content\/uploads\/2024\/06\/leczenie-porady-320x213.png\" alt=\"\" title=\"\" ><\/div><\/div><\/div>\r\n\t\t\t\t\t<div class=\"captionPane\">\r\n\t\t\t\t\t\t<div class=\"captionTable\">\r\n\t\t\t\t\t\t\t<div class=\"captionCell\">\r\n\t\t\t\t\t\t\t\t<div class=\"captionTxt\"><\/div>\r\n\t\t\t\t\t\t\t<\/div>\r\n\t\t\t\t\t\t<\/div>\r\n\t\t\t\t\t<\/div><\/div><div class=\"btIconImageRow btIconsHalfHoverPosition\" ><span class=\"btIco btIcoFilledType btIcoBigSize btIcoAlterColor   \" ><a href=\"\/?page_id=13120\"  target = \"no_target\" data-ico-md=\"&#xe926;\" class=\"btIcoHolder\"><em><\/em><\/a><\/span><\/div><div class=\"btClear btSeparator topExtraSmallSpaced noBorder\" ><hr><\/div><header class=\"header btClear medium btDash topDash  btAccentDash\" ><div class=\"dash\"><h3><span class=\"headline\">Poradnie ambulatoryjne<\/span><\/h3><\/div><\/header><div class=\"btClear btSeparator topExtraSmallSpaced noBorder\" ><hr><\/div><div class=\"btText\" ><\/p>\n<p>Us\u0142ugi ambulatoryjne w zakresie zdrowia psychicznego<\/p>\n<p>\n<\/div><div class=\"btClear btSeparator topSmallSpaced noBorder\" ><hr><\/div><\/div><\/div><div class=\"rowItem col-md-4 col-ms-12 btTextLeft animate animate-fadein btTextIndent inherit btDoublePadding\"  ><div class=\"rowItemContent\" ><div class=\"bpgPhoto btTextCenter\"  style=\"margin: 0 -30px;\"> \r\n\t\t\t\t\t<a href=\"\/?page_id=13120\" target=\"_self\" title=\"\"><\/a>\r\n\t\t\t\t\t<div class=\"boldPhotoBox\"><div class=\"bpbItem\"><div class = \"btImage\"><img decoding=\"async\" src=\"https:\/\/szpitalpsychiatrycznywegorzewo.pl\/wp-content\/uploads\/2024\/06\/poradnie-ambulatoryjne-320x213.png\" alt=\"\" title=\"\" ><\/div><\/div><\/div>\r\n\t\t\t\t\t<div class=\"captionPane\">\r\n\t\t\t\t\t\t<div class=\"captionTable\">\r\n\t\t\t\t\t\t\t<div class=\"captionCell\">\r\n\t\t\t\t\t\t\t\t<div class=\"captionTxt\"><\/div>\r\n\t\t\t\t\t\t\t<\/div>\r\n\t\t\t\t\t\t<\/div>\r\n\t\t\t\t\t<\/div><\/div><div class=\"btIconImageRow btIconsHalfHoverPosition\" ><span class=\"btIco btIcoFilledType btIcoBigSize btIcoAlterColor   \" ><a href=\"\/?page_id=13120\"  target = \"no_target\" data-ico-tw=\"&#xe904;\" class=\"btIcoHolder\"><em><\/em><\/a><\/span><\/div><div class=\"btClear btSeparator topExtraSmallSpaced noBorder\" ><hr><\/div><header class=\"header btClear medium btDash topDash  btAccentDash\" ><div class=\"dash\"><h3><span class=\"headline\">Terapia uzale\u017cnie\u0144<\/span><\/h3><\/div><\/header><div class=\"btClear btSeparator topExtraSmallSpaced noBorder\" ><hr><\/div><div class=\"btText\" ><\/p>\n<p>Stacjonarne i ambulatoryjne terapie uzale\u017cnienia<\/p>\n<p>\n<\/div><div class=\"btClear btSeparator topSmallSpaced noBorder\" ><hr><\/div><\/div><\/div><\/div><\/div><\/div><\/div><\/div><\/section><section id=\"bt_section69eb5d0b40aaf\"  class=\"boldSection topSpaced bottomSpaced gutter inherit\" style=\"background: linear-gradient(to bottom, #F1F1F1 0%,#FFFFFF 100%);\"><div class=\"port\"><div class=\"boldCell\"><div class=\"boldCellInner\"><div class=\"boldRow  \" ><div class=\"boldRowInner\"><div class=\"rowItem col-md-9 col-ms-12  btTextLeft animate animate-fadein inherit\"  ><div class=\"rowItemContent\" ><div class=\"btClear btSeparator bottomSemiSpaced noBorder\" ><hr><\/div><header class=\"header btClear extralarge btDash bottomDash  btAccentDash\" ><div class=\"btSuperTitle\">Nasza misja<\/div><div class=\"dash\"><h1><span class=\"headline\"><em>Zobacz jak mo\u017cemy Ci<\/em><br \/><br><b class=\"animate\">pom\u00f3c<\/b><\/span><\/h1><\/div><div class=\"btSubTitle\">\u015awiadczenia realizowanie s\u0105 w spos\u00f3b \u017cyczliwy i profesjonalny, w celu pe\u0142nego zrozumienia pacjenta i zaspokojenia jego potrzeb poprzez w\u0142a\u015bciwy dob\u00f3r us\u0142ug.<\/div><\/header><div class=\"btClear btSeparator bottomSemiSpaced noBorder\" ><hr><\/div><\/div><\/div><div class=\"rowItem col-md-3 col-sm-6 col-ms-12 btTextLeft\"  ><div class=\"rowItemContent\" ><\/div><\/div><\/div><\/div><div class=\"boldRow  \" ><div class=\"boldRowInner\"><div class=\"rowItem col-md-6 col-sm-12 btTextLeft animate animate-fadein inherit\"  ><div class=\"rowItemContent\" ><div class=\"btIconImageRow\" ><div class=\"bpgPhoto btTextCenter\" ><div class=\"btImage\"><img decoding=\"async\" src=\"https:\/\/szpitalpsychiatrycznywegorzewo.pl\/wp-content\/uploads\/2024\/06\/zolp.png\" alt=\"\" title=\"\"><\/div><\/div><\/div><div class=\"btClear btSeparator bottomSemiSpaced noBorder\" ><hr><\/div><header class=\"header btClear medium btDash bottomDash  btAccentDash\" ><div class=\"dash\"><h3><span class=\"headline\">Zak\u0142ad Opieku\u0144czo-Leczniczy dla Doros\u0142ych<br \/><br>w W\u0119gorzewie<\/span><\/h3><\/div><\/header><div class=\"btText\" ><\/p>\n<p>Zak\u0142ad Opieku\u0144czo-Leczniczy dla Doros\u0142ych w W\u0119gorzewie<\/p>\n<p>\n<\/div><div class=\"btClear btSeparator bottomSmallSpaced noBorder\" ><hr><\/div><a href=\"\/?p=13130\" class=\"btBtn btBtn btnOutlineStyle btnAccentColor btnExtraSmall btnNormalWidth btnRightPosition btnIco\" ><span class=\"btnInnerText\">POZNAJ<\/span><span class=\"btIco \" ><span  data-ico-fa=\"&#xf105;\" class=\"btIcoHolder\"><em><\/em><\/span><\/span><\/a><div class=\"btClear btSeparator bottomSmallSpaced noBorder bt_bb_hidden_md bt_bb_hidden_lg\" ><hr><\/div><div class=\"btClear btSeparator bottomSemiSpaced noBorder bt_bb_hidden_xs bt_bb_hidden_ms bt_bb_hidden_sm\" ><hr><\/div><\/div><\/div><div class=\"rowItem col-md-6 col-sm-12 btTextLeft animate animate-fadein inherit\"  ><div class=\"rowItemContent\" ><div class=\"btIconImageRow\" ><\/div><div class=\"bpgPhoto btTextCenter\" ><div class=\"btImage\"><img decoding=\"async\" src=\"https:\/\/szpitalpsychiatrycznywegorzewo.pl\/wp-content\/uploads\/2024\/06\/detoks-1.png\" alt=\"\" title=\"\"><\/div><\/div><div class=\"btClear btSeparator bottomSemiSpaced noBorder\" ><hr><\/div><header class=\"header btClear medium btDash bottomDash  btAccentDash\" ><div class=\"dash\"><h3><span class=\"headline\">Oddzia\u0142 Detoksykacyjny Alkoholowy<\/span><\/h3><\/div><\/header><div class=\"btText\" ><\/p>\n<p>Oddzia\u0142 Detoksykacyjny Alkoholowy<\/p>\n<p>\n<\/div><div class=\"btClear btSeparator bottomSmallSpaced noBorder\" ><hr><\/div><a href=\"\/?p=13134\" class=\"btBtn btBtn btnOutlineStyle btnAccentColor btnExtraSmall btnNormalWidth btnRightPosition btnIco\" ><span class=\"btnInnerText\">POZNAJ<\/span><span class=\"btIco \" ><span  data-ico-fa=\"&#xf105;\" class=\"btIcoHolder\"><em><\/em><\/span><\/span><\/a><div class=\"btClear btSeparator bottomSmallSpaced noBorder bt_bb_hidden_md bt_bb_hidden_lg\" ><hr><\/div><div class=\"btClear btSeparator bottomSemiSpaced noBorder bt_bb_hidden_xs bt_bb_hidden_ms bt_bb_hidden_sm\" ><hr><\/div><\/div><\/div><\/div><\/div><div class=\"boldRow  \" ><div class=\"boldRowInner\"><div class=\"rowItem col-md-12 col-ms-12  btTextLeft animate animate-fadein inherit\"  ><div class=\"rowItemContent\" ><div class=\"btClear btSeparator bottomSemiSpaced border bt_bb_hidden_xs bt_bb_hidden_ms bt_bb_hidden_sm\" ><hr><\/div><\/div><\/div><\/div><\/div><div class=\"boldRow  \" ><div class=\"boldRowInner\"><div class=\"rowItem col-md-6 col-sm-12 btTextLeft animate animate-fadein inherit\"  ><div class=\"rowItemContent\" ><div class=\"btIconImageRow\" ><div class=\"bpgPhoto btTextCenter\" ><div class=\"btImage\"><img decoding=\"async\" src=\"https:\/\/szpitalpsychiatrycznywegorzewo.pl\/wp-content\/uploads\/2024\/06\/wotuw-1.png\" alt=\"\" title=\"\"><\/div><\/div><\/div><div class=\"btClear btSeparator bottomSemiSpaced noBorder\" ><hr><\/div><header class=\"header btClear medium btDash bottomDash  btAccentDash\" ><div class=\"dash\"><h3><span class=\"headline\">Wojew\u00f3dzki O\u015brodek Terapii Uzale\u017cnienia Alkoholu i Wsp\u00f3\u0142uzale\u017cnienia<\/span><\/h3><\/div><\/header><div class=\"btText\" ><\/p>\n<p>Wojew\u00f3dzki O\u015brodek Terapii Uzale\u017cnienia Alkoholu i Wsp\u00f3\u0142uzale\u017cnienia<\/p>\n<p>\n<\/div><div class=\"btClear btSeparator bottomSmallSpaced noBorder\" ><hr><\/div><a href=\"\/?p=13124\" class=\"btBtn btBtn btnOutlineStyle btnAccentColor btnExtraSmall btnNormalWidth btnRightPosition btnIco\" ><span class=\"btnInnerText\">POZNAJ<\/span><span class=\"btIco \" ><span  data-ico-fa=\"&#xf105;\" class=\"btIcoHolder\"><em><\/em><\/span><\/span><\/a><div class=\"btClear btSeparator bottomSmallSpaced noBorder bt_bb_hidden_md bt_bb_hidden_lg\" ><hr><\/div><div class=\"btClear btSeparator bottomSemiSpaced noBorder bt_bb_hidden_xs bt_bb_hidden_ms bt_bb_hidden_sm\" ><hr><\/div><\/div><\/div><div class=\"rowItem col-md-6 col-sm-12 btTextLeft animate animate-fadein inherit\"  ><div class=\"rowItemContent\" ><div class=\"btIconImageRow\" ><div class=\"bpgPhoto btTextCenter\" ><div class=\"btImage\"><img decoding=\"async\" src=\"https:\/\/szpitalpsychiatrycznywegorzewo.pl\/wp-content\/uploads\/2024\/06\/oddzialy-2.png\" alt=\"\" title=\"\"><\/div><\/div><\/div><div class=\"btClear btSeparator bottomSemiSpaced noBorder\" ><hr><\/div><header class=\"header btClear medium btDash bottomDash  btAccentDash\" ><div class=\"dash\"><h3><span class=\"headline\">Oddzia\u0142y Psychiatryczne<\/span><\/h3><\/div><\/header><div class=\"btText\" ><\/p>\n<p>Oddzia\u0142y Psychiatryczne<\/p>\n<p>\n<\/div><div class=\"btClear btSeparator bottomSmallSpaced noBorder\" ><hr><\/div><a href=\"\/?p=13140\" class=\"btBtn btBtn btnOutlineStyle btnAccentColor btnExtraSmall btnNormalWidth btnRightPosition btnIco\" ><span class=\"btnInnerText\">POZNAJ<\/span><span class=\"btIco \" ><span  data-ico-fa=\"&#xf105;\" class=\"btIcoHolder\"><em><\/em><\/span><\/span><\/a><div class=\"btClear btSeparator bottomSmallSpaced noBorder bt_bb_hidden_md bt_bb_hidden_lg\" ><hr><\/div><div class=\"btClear btSeparator bottomSemiSpaced noBorder bt_bb_hidden_xs bt_bb_hidden_ms bt_bb_hidden_sm\" ><hr><\/div><\/div><\/div><\/div><\/div><\/div><\/div><\/div><\/section><section id=\"bt_section69eb5d0b420e9\"  class=\"boldSection bottomSpaced gutter inherit\" style=\"margin-top: -20px;\"><div class=\"port\"><div class=\"boldCell\"><div class=\"boldCellInner\"><div class=\"boldRow btDarkSkin \" style=\"background-color: transparent;\"><div class=\"boldRowInner\"><div class=\"rowItem col-md-6 col-sm-12 btTextCenter btMiddleVertical btDoublePadding\" style=\"background-color:rgb(1,112,202);\" ><div class=\"rowItemContent\" ><div class=\"btClear btSeparator topSemiSpaced noBorder\" ><hr><\/div><header class=\"header btClear medium btDash bottomDash  btAccentDash\" ><div class=\"dash\"><h3><span class=\"headline\">Biuletyn Informacji Publicznej<\/span><\/h3><\/div><\/header><div class=\"btClear btSeparator topSmallSpaced noBorder\" ><hr><\/div><a href=\"https:\/\/bipspspw.warmia.mazury.pl\/\" class=\"btBtn btBtn btnOutlineStyle btnLightColor btnBig btnNormalWidth btnRightPosition btnIco\" ><span class=\"btnInnerText\">Kliknij tutaj<\/span><span class=\"btIco \" ><span  data-ico-es=\"&#xe99f;\" class=\"btIcoHolder\"><em><\/em><\/span><\/span><\/a><div class=\"btClear btSeparator topSemiSpaced noBorder\" ><hr><\/div><div class=\"btIconImageRow\" ><div class=\"bpgPhoto btTextCenter\" ><div class=\"btImage\"><img decoding=\"async\" src=\"https:\/\/szpitalpsychiatrycznywegorzewo.pl\/wp-content\/uploads\/2024\/07\/Projekt-bez-nazwy8-320x114.png\" alt=\"\" title=\"\"><\/div><\/div><\/div><\/div><\/div><div class=\"rowItem col-md-6 col-sm-12 btTextCenter btMiddleVertical btDoublePadding\" style=\"background-color:rgb(114,170,72);\" ><div class=\"rowItemContent\" ><div class=\"btClear btSeparator topSemiSpaced noBorder\" ><hr><\/div><header class=\"header btClear medium btDash bottomDash  btAlternateDash\" ><div class=\"dash\"><h3><span class=\"headline\">Poznaj nasz region<\/span><\/h3><\/div><\/header><div class=\"btClear btSeparator topSmallSpaced noBorder\" ><hr><\/div><a href=\"https:\/\/warmia.mazury.pl\/\" class=\"btBtn btBtn btnOutlineStyle btnLightColor btnBig btnNormalWidth btnRightPosition btnIco\" ><span class=\"btnInnerText\">Kliknij tutaj<\/span><span class=\"btIco \" ><span  data-ico-es=\"&#xe99f;\" class=\"btIcoHolder\"><em><\/em><\/span><\/span><\/a><div class=\"btClear btSeparator topSemiSpaced noBorder\" ><hr><\/div><div class=\"btIconImageRow\" ><div class=\"bpgPhoto btTextCenter\" ><div class=\"btImage\"><img decoding=\"async\" src=\"https:\/\/szpitalpsychiatrycznywegorzewo.pl\/wp-content\/uploads\/2024\/07\/Projekt-bez-nazwy9.png\" alt=\"\" title=\"\"><\/div><\/div><\/div><\/div><\/div><\/div><\/div><\/div><\/div><\/div><\/section><section id=\"bt_section69eb5d0b4275a\"  class=\"boldSection topSpaced gutter inherit\" style=\"background-color:rgb(227,226,242);\"><div class=\"port\"><div class=\"boldCell\"><div class=\"boldCellInner\"><div class=\"boldRow  \" ><div class=\"boldRowInner\"><div class=\"rowItem col-md-7 col-ms-12  btTextLeft animate animate-fadein animate-moveright btMiddleVertical\"  ><div class=\"rowItemContent\" ><header class=\"header btClear extralarge btDash bottomDash  btAccentDash\" ><div class=\"btSuperTitle\">mgr Agnieszka Sza\u0142ko, MBA<\/div><div class=\"dash\"><h1><span class=\"headline\"><em>Nasz<\/em> <b class=\"animate\">Zesp\u00f3\u0142<\/b><\/span><\/h1><\/div><div class=\"btSubTitle\">Chcemy, aby nasz szpital by\u0142 miejscem otwartym i przyjaznym \u2013<br \/><br>takim, do kt\u00f3rego mo\u017cna wej\u015b\u0107 bez l\u0119ku i uprzedze\u0144.<br \/><br>Psychiatria musi by\u0107 bliska ludziom, dawa\u0107 poczucie bezpiecze\u0144stwa<br \/><br>i wolno\u015bci, a nie zamkni\u0119cia.<br \/><br>Razem z zespo\u0142em prze\u0142amujemy stereotypy, pokazuj\u0105c,<br \/><br>\u017ce leczenie psychiatryczne to nie wstyd,<br \/><br>lecz krok w stron\u0119 zdrowia i lepszego \u017cycia.<br \/><br>Jeste\u015bmy z Wami.<\/div><\/header><div class=\"btClear btSeparator bottomSmallSpaced noBorder\" ><hr><\/div><\/div><\/div><div class=\"rowItem col-md-5 col-ms-12  btTextLeft animate animate-fadein animate-moveleft btBottomVertical\"  ><div class=\"rowItemContent\" ><div class=\"bpgPhoto btTextCenter\" ><div class=\"btImage\"><img decoding=\"async\" src=\"https:\/\/szpitalpsychiatrycznywegorzewo.pl\/wp-content\/uploads\/2025\/08\/banner_agnieszka_szalko.png\" alt=\"\" title=\"\"><\/div><\/div><\/div><\/div><\/div><\/div><\/div><\/div><\/div><\/section><section id=\"bt_section69eb5d0b42c42\" data-parallax=\"0.2\" data-parallax-offset=\"0\" class=\"boldSection topExtraSpaced bottomSpaced btDarkSkin gutter inherit btParallax wBackground cover\" style=\"background-color:#0176d5;background-image:url('https:\/\/szpitalpsychiatrycznywegorzewo.pl\/wp-content\/uploads\/2018\/03\/bgn-general-hospital-02.jpg');\"><div class=\"port\"><div class=\"boldCell\"><div class=\"boldCellInner\"><div class=\"boldRow  \" ><div class=\"boldRowInner\"><div class=\"rowItem col-md-12 col-ms-12  btTextLeft animate animate-fadein inherit\"  ><div class=\"rowItemContent\" ><header class=\"header btClear extralarge btDash bottomDash  btAccentDash\" ><div class=\"btSuperTitle\">Pacjent w centrum uwagi<\/div><div class=\"dash\"><h1><span class=\"headline\"><em>Poznaj<\/em> <b class=\"animate\">siebie<\/b><\/span><\/h1><\/div><\/header><div class=\"btClear btSeparator bottomSemiSpaced noBorder\" ><hr><\/div><\/div><\/div><\/div><\/div><div class=\"boldRow  \" ><div class=\"boldRowInner\"><\/div><\/div><\/div><\/div><\/div><\/section><\/p>\n","protected":false},"excerpt":{"rendered":"","protected":false},"author":2,"featured_media":0,"parent":0,"menu_order":0,"comment_status":"closed","ping_status":"closed","template":"","meta":{"footnotes":""},"class_list":["post-983","page","type-page","status-publish","hentry"],"_links":{"self":[{"href":"https:\/\/szpitalpsychiatrycznywegorzewo.pl\/index.php?rest_route=\/wp\/v2\/pages\/983","targetHints":{"allow":["GET"]}}],"collection":[{"href":"https:\/\/szpitalpsychiatrycznywegorzewo.pl\/index.php?rest_route=\/wp\/v2\/pages"}],"about":[{"href":"https:\/\/szpitalpsychiatrycznywegorzewo.pl\/index.php?rest_route=\/wp\/v2\/types\/page"}],"author":[{"embeddable":true,"href":"https:\/\/szpitalpsychiatrycznywegorzewo.pl\/index.php?rest_route=\/wp\/v2\/users\/2"}],"replies":[{"embeddable":true,"href":"https:\/\/szpitalpsychiatrycznywegorzewo.pl\/index.php?rest_route=%2Fwp%2Fv2%2Fcomments&post=983"}],"version-history":[{"count":5,"href":"https:\/\/szpitalpsychiatrycznywegorzewo.pl\/index.php?rest_route=\/wp\/v2\/pages\/983\/revisions"}],"predecessor-version":[{"id":13941,"href":"https:\/\/szpitalpsychiatrycznywegorzewo.pl\/index.php?rest_route=\/wp\/v2\/pages\/983\/revisions\/13941"}],"wp:attachment":[{"href":"https:\/\/szpitalpsychiatrycznywegorzewo.pl\/index.php?rest_route=%2Fwp%2Fv2%2Fmedia&parent=983"}],"curies":[{"name":"wp","href":"https:\/\/api.w.org\/{rel}","templated":true}]}}