{"id":14450,"date":"2026-02-17T10:25:03","date_gmt":"2026-02-17T09:25:03","guid":{"rendered":"https:\/\/szpitalpsychiatrycznywegorzewo.pl\/?page_id=14450"},"modified":"2026-03-30T08:29:52","modified_gmt":"2026-03-30T06:29:52","slug":"departments-3-4","status":"publish","type":"page","link":"https:\/\/szpitalpsychiatrycznywegorzewo.pl\/?page_id=14450","title":{"rendered":"Nasza kuchnia"},"content":{"rendered":"<p><section id=\"bt_section69d13e95230d0\"  class=\"boldSection btDivider topSemiSpaced bottomSemiSpaced btDarkSkin gutter inherit wBackground cover\" style=\"background-color:#0176d5;background-image:url('https:\/\/szpitalpsychiatrycznywegorzewo.pl\/wp-content\/uploads\/2018\/03\/bgn-general-hospital-10.jpg');\"><div class=\"port\"><div class=\"boldCell\"><div class=\"boldCellInner\"><div class=\"boldRow  \" ><div class=\"boldRowInner\"><div class=\"rowItem col-md-12 col-ms-12  btTextLeft animate animate-fadein animate-moveleft inherit\"  ><div class=\"rowItemContent\" ><div class=\"btClear btSeparator topExtraSmallSpaced bottomExtraSmallSpaced noBorder\" ><hr><\/div><header class=\"header btClear extralarge btDash bottomDash  btAlternateDash\" ><div class=\"dash\"><h1><span class=\"headline\">Menu obiadowe<\/span><\/h1><\/div><div class=\"btSubTitle\">Zapoznaj si\u0119 z nasz\u0105 kuchni\u0105 i cennikiem<\/div><\/header><\/div><\/div><\/div><\/div><\/div><\/div><\/div><\/section><section id=\"bt_section69d13e95231de\"  class=\"boldSection topSpaced bottomSpaced gutter inherit\" ><div class=\"port\"><div class=\"boldCell\"><div class=\"boldCellInner\"><div class=\"boldRow  \" ><div class=\"boldRowInner\"><div class=\"rowItem col-md-12 col-ms-12  btTextLeft\"  ><div class=\"rowItemContent\" ><div class=\"btText\" ><\/p>\n<h3 style=\"text-align: center;\">Serdecznie zapraszamy do korzystania z obiad\u00f3w w naszej sto\u0142\u00f3wce!<\/h3>\n<h3 style=\"text-align: center;\">Ka\u017cdego dnia czeka na Pa\u0144stwa inny, \u015bwie\u017co przygotowany zestaw obiadowy \u2013<br \/>dzi\u0119ki temu codziennie mo\u017cna spr\u00f3bowa\u0107 czego\u015b nowego i smacznego.<br \/>Dbamy o r\u00f3\u017cnorodno\u015b\u0107, domowy smak oraz wysok\u0105 jako\u015b\u0107 sk\u0142adnik\u00f3w.<\/h3>\n<h3 style=\"text-align: center;\">Zapraszamy na ciep\u0142y posi\u0142ek w mi\u0142ej atmosferze \u2013 smacznie, wygodnie<br \/>i bez gotowania!\u00a0<\/h3>\n<p>\n<\/div><\/div><\/div><\/div><\/div><div class=\"boldRow  \" ><div class=\"boldRowInner\"><div class=\"rowItem col-md-12 col-ms-12  btTextCenter btMiddleVertical\"  ><div class=\"rowItemContent\" ><div class=\"bpgPhoto btTextCenter\" ><div class=\"btImage\"><img decoding=\"async\" src=\"https:\/\/szpitalpsychiatrycznywegorzewo.pl\/wp-content\/uploads\/2025\/12\/Pyszny-obiad-dwudaniowy-\u2013-tylko-22-zl-Smak-domowego-ciepla-w-swietnej-cenie-e1769777177484.png\" alt=\"\" title=\"\"><\/div><\/div><\/div><\/div><\/div><\/div><div class=\"boldRow  \" ><div class=\"boldRowInner\"><div class=\"rowItem col-md-12 col-ms-12  btTextLeft animate animate-fadein inherit\"  ><div class=\"rowItemContent\" ><div class=\"btClear btSeparator bottomSpaced noBorder\" ><hr><\/div><\/div><\/div><\/div><\/div><div class=\"boldRow  \" ><div class=\"boldRowInner\"><div class=\"rowItem col-md-6 col-sm-12 btTextCenter animate animate-fadein btMiddleVertical btDoublePadding\"  ><div class=\"rowItemContent\" ><div class=\"bpgPhoto btTextCenter\" ><div class=\"btImage\"><img decoding=\"async\" src=\"https:\/\/szpitalpsychiatrycznywegorzewo.pl\/wp-content\/uploads\/2026\/03\/menu-kolorowe-\u2014-kopia-\u2013-kopia-24.png\" alt=\"\" title=\"\"><\/div><\/div><\/div><\/div><div class=\"rowItem col-md-6 col-sm-12 btTextCenter animate animate-fadein btMiddleVertical btDoublePadding\"  ><div class=\"rowItemContent\" ><div class=\"bpgPhoto btTextCenter\" ><div class=\"btImage\"><img decoding=\"async\" src=\"https:\/\/szpitalpsychiatrycznywegorzewo.pl\/wp-content\/uploads\/2026\/03\/menu-kolorowe-\u2014-kopia-\u2013-kopia-25.png\" alt=\"\" title=\"\"><\/div><\/div><\/div><\/div><\/div><\/div><div class=\"boldRow  \" ><div class=\"boldRowInner\"><div class=\"rowItem col-md-12 col-ms-12  btTextLeft animate animate-fadein inherit\"  ><div class=\"rowItemContent\" ><div class=\"btClear btSeparator bottomSpaced noBorder\" ><hr><\/div><\/div><\/div><\/div><\/div><\/div><\/div><\/div><\/section><\/p>\n","protected":false},"excerpt":{"rendered":"","protected":false},"author":2,"featured_media":0,"parent":0,"menu_order":0,"comment_status":"closed","ping_status":"closed","template":"","meta":{"footnotes":""},"class_list":["post-14450","page","type-page","status-publish","hentry"],"_links":{"self":[{"href":"https:\/\/szpitalpsychiatrycznywegorzewo.pl\/index.php?rest_route=\/wp\/v2\/pages\/14450","targetHints":{"allow":["GET"]}}],"collection":[{"href":"https:\/\/szpitalpsychiatrycznywegorzewo.pl\/index.php?rest_route=\/wp\/v2\/pages"}],"about":[{"href":"https:\/\/szpitalpsychiatrycznywegorzewo.pl\/index.php?rest_route=\/wp\/v2\/types\/page"}],"author":[{"embeddable":true,"href":"https:\/\/szpitalpsychiatrycznywegorzewo.pl\/index.php?rest_route=\/wp\/v2\/users\/2"}],"replies":[{"embeddable":true,"href":"https:\/\/szpitalpsychiatrycznywegorzewo.pl\/index.php?rest_route=%2Fwp%2Fv2%2Fcomments&post=14450"}],"version-history":[{"count":10,"href":"https:\/\/szpitalpsychiatrycznywegorzewo.pl\/index.php?rest_route=\/wp\/v2\/pages\/14450\/revisions"}],"predecessor-version":[{"id":14581,"href":"https:\/\/szpitalpsychiatrycznywegorzewo.pl\/index.php?rest_route=\/wp\/v2\/pages\/14450\/revisions\/14581"}],"wp:attachment":[{"href":"https:\/\/szpitalpsychiatrycznywegorzewo.pl\/index.php?rest_route=%2Fwp%2Fv2%2Fmedia&parent=14450"}],"curies":[{"name":"wp","href":"https:\/\/api.w.org\/{rel}","templated":true}]}}