{"id":14129,"date":"2025-10-23T09:39:49","date_gmt":"2025-10-23T07:39:49","guid":{"rendered":"https:\/\/szpitalpsychiatrycznywegorzewo.pl\/?page_id=14129"},"modified":"2025-10-23T09:51:43","modified_gmt":"2025-10-23T07:51:43","slug":"departments-3-6-2","status":"publish","type":"page","link":"https:\/\/szpitalpsychiatrycznywegorzewo.pl\/?page_id=14129","title":{"rendered":"Szpital Psychiatryczny w W\u0119gorzewie w programie \u201eSzpitale Przyjazne Wojsku\u201d"},"content":{"rendered":"<p><section id=\"bt_section69eb7ce6f0a5a\"  class=\"boldSection btDivider topSemiSpaced bottomSemiSpaced btDarkSkin gutter inherit wBackground cover\" style=\"background-color:#0176d5;background-image:url('https:\/\/szpitalpsychiatrycznywegorzewo.pl\/wp-content\/uploads\/2018\/03\/bgn-general-hospital-10.jpg');\"><div class=\"port\"><div class=\"boldCell\"><div class=\"boldCellInner\"><div class=\"boldRow  \" ><div class=\"boldRowInner\"><div class=\"rowItem col-md-12 col-ms-12  btTextLeft animate animate-fadein animate-moveleft inherit\"  ><div class=\"rowItemContent\" ><div class=\"btClear btSeparator topExtraSmallSpaced bottomExtraSmallSpaced noBorder\" ><hr><\/div><header class=\"header btClear extralarge btDash bottomDash  btAlternateDash\" ><div class=\"dash\"><h1><span class=\"headline\">Szpital Psychiatryczny w W\u0119gorzewie w programie \u201eSzpitale Przyjazne Wojsku\u201d<\/span><\/h1><\/div><div class=\"btSubTitle\">Informacja<\/div><\/header><\/div><\/div><\/div><\/div><\/div><\/div><\/div><\/section><section id=\"bt_section69eb7ce6f0b84\"  class=\"boldSection topSpaced bottomSpaced gutter inherit\" ><div class=\"port\"><div class=\"boldCell\"><div class=\"boldCellInner\"><div class=\"boldRow  \" ><div class=\"boldRowInner\"><div class=\"rowItem col-md-12 col-ms-12  btTextLeft\"  ><div class=\"rowItemContent\" ><div class=\"btText\" ><\/p>\n<h6><strong>Szpital Psychiatryczny SPZOZ w W\u0119gorzewie<\/strong> do\u0142\u0105czy\u0142 do og\u00f3lnopolskiego programu <strong>\u201eSzpitale Przyjazne Wojsku\u201d<\/strong>, realizowanego przez <strong>Ministerstwo Obrony Narodowej<\/strong> we wsp\u00f3\u0142pracy z <strong>Ministerstwem Zdrowia<\/strong>.<br \/>\nTo program buduj\u0105cy nowoczesny system wsp\u00f3\u0142pracy pomi\u0119dzy cywilnymi plac\u00f3wkami ochrony zdrowia a strukturami bezpiecze\u0144stwa i obrony pa\u0144stwa.<\/h6>\n<h3>Uroczyste podpisanie porozumienia<\/h3>\n<p>Uroczysto\u015b\u0107 podpisania porozumienia odby\u0142a si\u0119 w <strong>Wojskowym Centrum Kszta\u0142cenia Medycznego w \u0141odzi<\/strong>, z udzia\u0142em:<\/p>\n<ul>\n<li><strong>Wicepremiera i Ministra Obrony Narodowej W\u0142adys\u0142awa Kosiniaka-Kamysza<\/strong>,<\/li>\n<li><strong>Wiceministra Zdrowia Tomasza Tomczyka<\/strong>,<\/li>\n<li><strong>Wicemarsza\u0142ek Wojew\u00f3dztwa Warmi\u0144sko-Mazurskiego Sylwii Jaskulskiej<\/strong>.<\/li>\n<\/ul>\n<p>Szpital Psychiatryczny w W\u0119gorzewie reprezentowali:<\/p>\n<ul>\n<li><strong>Agnieszka Sza\u0142ko \u2013 Dyrektor Szpitala<\/strong>,<\/li>\n<li><strong>lek. Rafa\u0142 Zwierzykowski \u2013 koordynator ZOLP<\/strong><\/li>\n<\/ul>\n<p>&nbsp;<\/p>\n<h3>Wyr\u00f3\u017cnienie i realne znaczenie<\/h3>\n<p>Udzia\u0142 <strong>Szpitala Psychiatrycznego w W\u0119gorzewie<\/strong> w tym presti\u017cowym programie zosta\u0142 odnotowany zar\u00f3wno przez <strong>Ministerstwo Obrony Narodowej<\/strong>, jak i przez <strong>regionalne media<\/strong>.<br \/>\nNasza plac\u00f3wka zosta\u0142a wymieniona w oficjalnym komunikacie MON dost\u0119pnym na stronie <a class=\"v1decorated-link\" href=\"https:\/\/www.gov.pl\/web\/obrona-narodowa\/od-dzis-127-podmiotow-cywilnej-sluzby-zdrowia-dolacza-do-programu-szpitale-przyjazne-wojsku\" target=\"_blank\" rel=\"noopener noreferrer\">gov.pl<\/a> oraz w artykule <a href=\"https:\/\/tko.pl\/315743,2025,10,21,warmia-i-mazury-buduja-medyczna-tarcze-na-wypadek-kryzysu-szpitale-wspolpracuja-z-wojskiem\">Tw\u00f3j Kurier Olszty\u0144ski \u2013 TKO.pl<\/a>.<\/p>\n<p>Podczas wydarzenia <strong>Wicepremier W\u0142adys\u0142aw Kosiniak-Kamysz<\/strong> podkre\u015bli\u0142, \u017ce<\/p>\n<blockquote>\n<p>\u201eZdrowie psychiczne to integralna cz\u0119\u015b\u0107 bezpiecze\u0144stwa kraju.\u201d<\/p>\n<\/blockquote>\n<p>To s\u0142owa szczeg\u00f3lnie wa\u017cne dla \u015brodowiska psychiatrycznego.<br \/>\nPrzez wiele lat psychiatria pozostawa\u0142a na marginesie systemu ochrony zdrowia, mimo \u017ce to w\u0142a\u015bnie zdrowie psychiczne stanowi fundament bezpiecze\u0144stwa spo\u0142ecznego.<br \/>\nDzi\u015b, dzi\u0119ki takim inicjatywom jak <em>\u201eSzpitale Przyjazne Wojsku\u201d<\/em>, rola psychiatrii zostaje wzmocniona i doceniona \u2013 jako kluczowy element systemu reagowania kryzysowego oraz wsparcia dla s\u0142u\u017cb mundurowych i spo\u0142eczno\u015bci lokalnych.<\/p>\n<h3>G\u0142os regionu i samorz\u0105du<\/h3>\n<p>Podczas uroczysto\u015bci <strong>Wicemarsza\u0142ek Wojew\u00f3dztwa Warmi\u0144sko-Mazurskiego Sylwia Jaskulska<\/strong> zwr\u00f3ci\u0142a uwag\u0119 na znaczenie wsp\u00f3\u0142pracy mi\u0119dzy regionem a s\u0142u\u017cbami obronnymi, podkre\u015blaj\u0105c zaanga\u017cowanie warmi\u0144sko-mazurskich szpitali w rozw\u00f3j ochrony zdrowia i systemu bezpiecze\u0144stwa.<\/p>\n<blockquote>\n<p>\u201eTo wyj\u0105tkowy moment, gdy medycyna i obrona narodowa spotykaj\u0105 si\u0119 w jednym celu \u2013 trosce o zdrowie i bezpiecze\u0144stwo obywateli.\u201d<\/p>\n<\/blockquote>\n<h3>Psychiatria bli\u017cej ludzi<\/h3>\n<p>Szpital Psychiatryczny w W\u0119gorzewie od lat realizuje misj\u0119 <strong>otwartej psychiatrii \u2013 bliskiej ludziom, zakorzenionej w spo\u0142eczno\u015bci lokalnej i wsp\u00f3\u0142pracuj\u0105cej z instytucjami regionu<\/strong>.<br \/>\nPlac\u00f3wka konsekwentnie rozwija baz\u0119 lokalow\u0105 i ofert\u0119 terapeutyczn\u0105, a tak\u017ce wzmacnia zesp\u00f3\u0142 specjalist\u00f3w, kt\u00f3rzy z pe\u0142nym zaanga\u017cowaniem opiekuj\u0105 si\u0119 pacjentami.<\/p>\n<blockquote>\n<p>\u2013 Udzia\u0142 w programie \u201eSzpitale Przyjazne Wojsku\u201d to dla nas wyr\u00f3\u017cnienie, ale te\u017c odpowiedzialno\u015b\u0107.<br \/>\nChcemy, by psychiatria by\u0142a coraz bli\u017cej ludzi \u2013 obecna tam, gdzie naprawd\u0119 jest potrzebna, r\u00f3wnie\u017c w obszarze bezpiecze\u0144stwa i reagowania kryzysowego \u2013 podkre\u015bla <strong>Agnieszka Sza\u0142ko, Dyrektor Szpitala Psychiatrycznego SPZOZ w W\u0119gorzewie<\/strong>.<\/p>\n<\/blockquote>\n<p>\n<\/div><\/div><\/div><\/div><\/div><div class=\"boldRow  \" ><div class=\"boldRowInner\"><div class=\"rowItem col-md-12 col-ms-12  btTextLeft animate animate-fadein inherit\"  ><div class=\"rowItemContent\" ><div class=\"btClear btSeparator bottomSpaced noBorder\" ><hr><\/div><\/div><\/div><\/div><\/div><div class=\"boldRow  \" ><div class=\"boldRowInner\"><div class=\"rowItem col-md-12 col-ms-12  btTextLeft animate animate-fadein inherit\"  ><div class=\"rowItemContent\" ><div class=\"tilesWall btGridGallery tiled  btGridGap-5 lightbox\" data-col=\"3\"><div class=\"gridSizer\"><\/div><div class=\"gridItem bt11 \" data-order-num=\"0\"><div class=\"btTileBox\"><div class=\"bpgPhoto \" > \r\n\t\t\t\t\t<a href=\"https:\/\/szpitalpsychiatrycznywegorzewo.pl\/wp-content\/uploads\/2025\/10\/1.jpg\" class=\"lightbox\" data-title=\"\"><\/a>\r\n\t\t\t\t\t<div class=\"boldPhotoBox\"><div class=\"bpbItem\"><div class = \"btImage\"><img decoding=\"async\" src=\"https:\/\/szpitalpsychiatrycznywegorzewo.pl\/wp-content\/uploads\/2025\/10\/1-540x540.jpg\" alt=\"\" title=\"\" ><\/div><\/div><\/div>\r\n\t\t\t\t\t<div class=\"captionPane\">\r\n\t\t\t\t\t\t<div class=\"captionTable\">\r\n\t\t\t\t\t\t\t<div class=\"captionCell\">\r\n\t\t\t\t\t\t\t\t<div class=\"captionTxt\"><\/div>\r\n\t\t\t\t\t\t\t<\/div>\r\n\t\t\t\t\t\t<\/div>\r\n\t\t\t\t\t<\/div><\/div><\/div><\/div><div class=\"gridItem bt11 \" data-order-num=\"1\"><div class=\"btTileBox\"><div class=\"bpgPhoto \" > \r\n\t\t\t\t\t<a href=\"https:\/\/szpitalpsychiatrycznywegorzewo.pl\/wp-content\/uploads\/2025\/10\/2.jpg\" class=\"lightbox\" data-title=\"\"><\/a>\r\n\t\t\t\t\t<div class=\"boldPhotoBox\"><div class=\"bpbItem\"><div class = \"btImage\"><img decoding=\"async\" src=\"https:\/\/szpitalpsychiatrycznywegorzewo.pl\/wp-content\/uploads\/2025\/10\/2-540x540.jpg\" alt=\"\" title=\"\" ><\/div><\/div><\/div>\r\n\t\t\t\t\t<div class=\"captionPane\">\r\n\t\t\t\t\t\t<div class=\"captionTable\">\r\n\t\t\t\t\t\t\t<div class=\"captionCell\">\r\n\t\t\t\t\t\t\t\t<div class=\"captionTxt\"><\/div>\r\n\t\t\t\t\t\t\t<\/div>\r\n\t\t\t\t\t\t<\/div>\r\n\t\t\t\t\t<\/div><\/div><\/div><\/div><div class=\"gridItem bt11 \" data-order-num=\"2\"><div class=\"btTileBox\"><div class=\"bpgPhoto \" > \r\n\t\t\t\t\t<a href=\"https:\/\/szpitalpsychiatrycznywegorzewo.pl\/wp-content\/uploads\/2025\/10\/4.jpg\" class=\"lightbox\" data-title=\"\"><\/a>\r\n\t\t\t\t\t<div class=\"boldPhotoBox\"><div class=\"bpbItem\"><div class = \"btImage\"><img decoding=\"async\" src=\"https:\/\/szpitalpsychiatrycznywegorzewo.pl\/wp-content\/uploads\/2025\/10\/4-540x540.jpg\" alt=\"\" title=\"\" ><\/div><\/div><\/div>\r\n\t\t\t\t\t<div class=\"captionPane\">\r\n\t\t\t\t\t\t<div class=\"captionTable\">\r\n\t\t\t\t\t\t\t<div class=\"captionCell\">\r\n\t\t\t\t\t\t\t\t<div class=\"captionTxt\"><\/div>\r\n\t\t\t\t\t\t\t<\/div>\r\n\t\t\t\t\t\t<\/div>\r\n\t\t\t\t\t<\/div><\/div><\/div><\/div><div class=\"gridItem bt11 \" data-order-num=\"3\"><div class=\"btTileBox\"><div class=\"bpgPhoto \" > \r\n\t\t\t\t\t<a href=\"https:\/\/szpitalpsychiatrycznywegorzewo.pl\/wp-content\/uploads\/2025\/10\/3.jpg\" class=\"lightbox\" data-title=\"\"><\/a>\r\n\t\t\t\t\t<div class=\"boldPhotoBox\"><div class=\"bpbItem\"><div class = \"btImage\"><img decoding=\"async\" src=\"https:\/\/szpitalpsychiatrycznywegorzewo.pl\/wp-content\/uploads\/2025\/10\/3-540x540.jpg\" alt=\"\" title=\"\" ><\/div><\/div><\/div>\r\n\t\t\t\t\t<div class=\"captionPane\">\r\n\t\t\t\t\t\t<div class=\"captionTable\">\r\n\t\t\t\t\t\t\t<div class=\"captionCell\">\r\n\t\t\t\t\t\t\t\t<div class=\"captionTxt\"><\/div>\r\n\t\t\t\t\t\t\t<\/div>\r\n\t\t\t\t\t\t<\/div>\r\n\t\t\t\t\t<\/div><\/div><\/div><\/div><div class=\"gridItem bt11 \" data-order-num=\"4\"><div class=\"btTileBox\"><div class=\"bpgPhoto \" > \r\n\t\t\t\t\t<a href=\"https:\/\/szpitalpsychiatrycznywegorzewo.pl\/wp-content\/uploads\/2025\/10\/6.jpg\" class=\"lightbox\" data-title=\"\"><\/a>\r\n\t\t\t\t\t<div class=\"boldPhotoBox\"><div class=\"bpbItem\"><div class = \"btImage\"><img decoding=\"async\" src=\"https:\/\/szpitalpsychiatrycznywegorzewo.pl\/wp-content\/uploads\/2025\/10\/6-540x540.jpg\" alt=\"\" title=\"\" ><\/div><\/div><\/div>\r\n\t\t\t\t\t<div class=\"captionPane\">\r\n\t\t\t\t\t\t<div class=\"captionTable\">\r\n\t\t\t\t\t\t\t<div class=\"captionCell\">\r\n\t\t\t\t\t\t\t\t<div class=\"captionTxt\"><\/div>\r\n\t\t\t\t\t\t\t<\/div>\r\n\t\t\t\t\t\t<\/div>\r\n\t\t\t\t\t<\/div><\/div><\/div><\/div><div class=\"gridItem bt11 \" data-order-num=\"5\"><div class=\"btTileBox\"><div class=\"bpgPhoto \" > \r\n\t\t\t\t\t<a href=\"https:\/\/szpitalpsychiatrycznywegorzewo.pl\/wp-content\/uploads\/2025\/10\/5.jpg\" class=\"lightbox\" data-title=\"\"><\/a>\r\n\t\t\t\t\t<div class=\"boldPhotoBox\"><div class=\"bpbItem\"><div class = \"btImage\"><img decoding=\"async\" src=\"https:\/\/szpitalpsychiatrycznywegorzewo.pl\/wp-content\/uploads\/2025\/10\/5-540x540.jpg\" alt=\"\" title=\"\" ><\/div><\/div><\/div>\r\n\t\t\t\t\t<div class=\"captionPane\">\r\n\t\t\t\t\t\t<div class=\"captionTable\">\r\n\t\t\t\t\t\t\t<div class=\"captionCell\">\r\n\t\t\t\t\t\t\t\t<div class=\"captionTxt\"><\/div>\r\n\t\t\t\t\t\t\t<\/div>\r\n\t\t\t\t\t\t<\/div>\r\n\t\t\t\t\t<\/div><\/div><\/div><\/div><\/div><\/div><\/div><\/div><\/div><div class=\"boldRow  \" ><div class=\"boldRowInner\"><div class=\"rowItem col-md-12 col-ms-12  btTextLeft animate animate-fadein inherit\"  ><div class=\"rowItemContent\" ><div class=\"btClear btSeparator bottomSpaced noBorder\" ><hr><\/div><\/div><\/div><\/div><\/div><div class=\"boldRow  \" ><div class=\"boldRowInner\"><div class=\"rowItem col-md-12 col-ms-12  btTextLeft animate animate-fadein inherit\"  ><div class=\"rowItemContent\" ><div class=\"btText\" ><\/p>\n<hr \/>\n<h3><\/h3>\n<h3>Wi\u0119cej informacji:<\/h3>\n<ul>\n<li><a class=\"v1decorated-link\" href=\"https:\/\/www.gov.pl\/web\/obrona-narodowa\/od-dzis-127-podmiotow-cywilnej-sluzby-zdrowia-dolacza-do-programu-szpitale-przyjazne-wojsku\" target=\"_blank\" rel=\"noopener noreferrer\">Oficjalny komunikat Ministerstwa Obrony Narodowej<\/a><\/li>\n<li><a class=\"v1decorated-link v1cursor-pointer\" href=\"https:\/\/tko.pl\/315743,2025,10,21,warmia-i-mazury-buduja-medyczna-tarcze-na-wypadek-kryzysu-szpitale-wspolpracuja-z-wojskiem\" rel=\"noreferrer\">Warmia i Mazury buduj\u0105 medyczn\u0105 tarcz\u0119 \u2013 TKO.pl<\/a><\/li>\n<\/ul>\n<p>&nbsp;<\/p>\n<hr \/>\n<p>&nbsp;<\/p>\n<p>\n<\/div><\/div><\/div><\/div><\/div><div class=\"boldRow  \" ><div class=\"boldRowInner\"><div class=\"rowItem col-md-12 col-ms-12  btTextRight animate animate-fadein inherit\"  ><div class=\"rowItemContent\" ><div class=\"btText\" ><\/p>\n<h6><strong>Autor zdj\u0119\u0107:<\/strong><br \/>\nAgnieszka Sza\u0142ko<\/h6>\n<h6><strong>\u0179r\u00f3d\u0142a fotograficzne:<\/strong><br \/>\nArchiwum Szpitala Psychiatrycznego SPZOZ w W\u0119gorzewie<br \/>\nWojskowe Centrum Kszta\u0142cenia Medycznego w \u0141odzi<\/h6>\n<p>\n<\/div><\/div><\/div><\/div><\/div><\/div><\/div><\/div><\/section><\/p>\n","protected":false},"excerpt":{"rendered":"","protected":false},"author":2,"featured_media":0,"parent":0,"menu_order":0,"comment_status":"closed","ping_status":"closed","template":"","meta":{"footnotes":""},"class_list":["post-14129","page","type-page","status-publish","hentry"],"_links":{"self":[{"href":"https:\/\/szpitalpsychiatrycznywegorzewo.pl\/index.php?rest_route=\/wp\/v2\/pages\/14129","targetHints":{"allow":["GET"]}}],"collection":[{"href":"https:\/\/szpitalpsychiatrycznywegorzewo.pl\/index.php?rest_route=\/wp\/v2\/pages"}],"about":[{"href":"https:\/\/szpitalpsychiatrycznywegorzewo.pl\/index.php?rest_route=\/wp\/v2\/types\/page"}],"author":[{"embeddable":true,"href":"https:\/\/szpitalpsychiatrycznywegorzewo.pl\/index.php?rest_route=\/wp\/v2\/users\/2"}],"replies":[{"embeddable":true,"href":"https:\/\/szpitalpsychiatrycznywegorzewo.pl\/index.php?rest_route=%2Fwp%2Fv2%2Fcomments&post=14129"}],"version-history":[{"count":5,"href":"https:\/\/szpitalpsychiatrycznywegorzewo.pl\/index.php?rest_route=\/wp\/v2\/pages\/14129\/revisions"}],"predecessor-version":[{"id":14130,"href":"https:\/\/szpitalpsychiatrycznywegorzewo.pl\/index.php?rest_route=\/wp\/v2\/pages\/14129\/revisions\/14130"}],"wp:attachment":[{"href":"https:\/\/szpitalpsychiatrycznywegorzewo.pl\/index.php?rest_route=%2Fwp%2Fv2%2Fmedia&parent=14129"}],"curies":[{"name":"wp","href":"https:\/\/api.w.org\/{rel}","templated":true}]}}