{"id":13404,"date":"2024-10-25T10:30:58","date_gmt":"2024-10-25T08:30:58","guid":{"rendered":"https:\/\/szpitalpsychiatrycznywegorzewo.pl\/?page_id=13404"},"modified":"2024-10-25T10:49:00","modified_gmt":"2024-10-25T08:49:00","slug":"departments-3-8","status":"publish","type":"page","link":"https:\/\/szpitalpsychiatrycznywegorzewo.pl\/?page_id=13404","title":{"rendered":"Dost\u0119p do informacji publicznej"},"content":{"rendered":"<p><section id=\"bt_section69f1ba689d255\"  class=\"boldSection btDivider topSemiSpaced bottomSemiSpaced btDarkSkin gutter inherit wBackground cover\" style=\"background-color:#0176d5;background-image:url('https:\/\/szpitalpsychiatrycznywegorzewo.pl\/wp-content\/uploads\/2018\/03\/bgn-general-hospital-10.jpg');\"><div class=\"port\"><div class=\"boldCell\"><div class=\"boldCellInner\"><div class=\"boldRow  \" ><div class=\"boldRowInner\"><div class=\"rowItem col-md-12 col-ms-12  btTextLeft animate animate-fadein animate-moveleft inherit\"  ><div class=\"rowItemContent\" ><div class=\"btClear btSeparator topExtraSmallSpaced bottomExtraSmallSpaced noBorder\" ><hr><\/div><header class=\"header btClear extralarge btDash bottomDash  btAlternateDash\" ><div class=\"dash\"><h1><span class=\"headline\">Dost\u0119p do informacji publicznej<\/span><\/h1><\/div><\/header><\/div><\/div><\/div><\/div><\/div><\/div><\/div><\/section><section id=\"bt_section69f1ba689d372\"  class=\"boldSection topSpaced bottomSpaced gutter inherit\" ><div class=\"port\"><div class=\"boldCell\"><div class=\"boldCellInner\"><div class=\"boldRow  \" ><div class=\"boldRowInner\"><div class=\"rowItem col-md-12 col-ms-12  btTextLeft\"  ><div class=\"rowItemContent\" ><div class=\"btText\" ><\/p>\n<p align=\"justify\"><span style=\"font-family: Calibri, serif;\"><span style=\"font-size: medium;\"><b>Prawo do informacji publicznej obejmuje uprawnienia do niezw\u0142ocznego uzyskania informacji publicznej zawieraj\u0105cej aktualn\u0105 wiedz\u0119 o sprawach publicznych.<\/b><\/span><\/span><\/p>\n<p align=\"justify\"><span style=\"font-family: Calibri, serif;\"><span style=\"font-size: medium;\"><b>Prawo dost\u0119pu do informacji publicznej podlega ograniczeniu ze wzgl\u0119du na:<\/b><\/span><\/span><\/p>\n<ul>\n<li>\n<p align=\"justify\"><span style=\"font-family: Calibri, serif;\"><span style=\"font-size: medium;\">ochron\u0119 informacji niejawnych,<\/span><\/span><\/p>\n<\/li>\n<li>\n<p align=\"justify\"><span style=\"font-family: Calibri, serif;\"><span style=\"font-size: medium;\">ochron\u0119 innych tajemnic ustawowo chronionych,<\/span><\/span><\/p>\n<\/li>\n<li>\n<p align=\"justify\"><span style=\"font-family: Calibri, serif;\"><span style=\"font-size: medium;\">ochron\u0119 prywatno\u015bci osoby fizycznej,<\/span><\/span><\/p>\n<\/li>\n<li>\n<p align=\"justify\"><span style=\"font-family: Calibri, serif;\"><span style=\"font-size: medium;\">ochron\u0119 tajemnicy przedsi\u0119biorcy,<\/span><\/span><\/p>\n<\/li>\n<li>\n<p align=\"justify\"><span style=\"font-family: Calibri, serif;\"><span style=\"font-size: medium;\">ochron\u0119 danych osobowych.<\/span><\/span><\/p>\n<\/li>\n<\/ul>\n<p align=\"justify\"><span style=\"font-family: Calibri, serif;\"><span style=\"font-size: medium;\"><b>Zasady dost\u0119pu do informacji publicznej reguluje ustawa z dnia 6 wrze\u015bnia 2001 r.<br \/>\no dost\u0119pie do informacji publicznej.<\/b><\/span><\/span><\/p>\n<ol>\n<li>\n<p align=\"justify\"><span style=\"font-family: Calibri, serif;\"><span style=\"font-size: medium;\">Informacja publiczna udost\u0119pniana jest przede wszystkim poprzez publikacj\u0119 w Biuletynie Informacji Publicznej (BIP).<\/span><\/span><\/p>\n<\/li>\n<li>\n<p align=\"justify\"><span style=\"font-family: Calibri, serif;\"><span style=\"font-size: medium;\">Informacja publiczna, kt\u00f3ra nie zosta\u0142a udost\u0119pniona w BIP mo\u017ce by\u0107 udost\u0119pniona na wniosek zainteresowanego, z zastosowaniem poni\u017cszych zasad:<\/span><\/span><\/p>\n<\/li>\n<\/ol>\n<ul>\n<li>\n<p align=\"justify\"><span style=\"font-family: Calibri, serif;\"><span style=\"font-size: medium;\">udost\u0119pnienie informacji nast\u0119puje bez zb\u0119dnej zw\u0142oki, nie p\u00f3\u017aniej jednak ni\u017c w terminie 14 dni od dnia z\u0142o\u017cenia wniosku,<\/span><\/span><\/p>\n<\/li>\n<li>\n<p align=\"justify\"><span style=\"font-family: Calibri, serif;\"><span style=\"font-size: medium;\">udost\u0119pnienie informacji nast\u0119puje w spos\u00f3b i formie zgodnej z wnioskiem, chyba \u017ce \u015brodki techniczne, jakimi dysponuje Szpital to uniemo\u017cliwiaj\u0105.<\/span><\/span><\/p>\n<\/li>\n<\/ul>\n<p align=\"justify\"><span style=\"font-family: Calibri, serif;\"><span style=\"font-size: medium;\"><b>Wniosek o udost\u0119pnienie informacji publicznej mo\u017cna z\u0142o\u017cy\u0107:<\/b><\/span><\/span><\/p>\n<ul>\n<li>\n<p align=\"justify\"><span style=\"font-family: Calibri, serif;\"><span style=\"font-size: medium;\">osobi\u015bcie w Sekretariacie Szpitala (ul. Gen. J. Bema 24, 11-600 W\u0119gorzewo)<\/span><\/span><\/p>\n<\/li>\n<li>\n<p align=\"justify\"><span style=\"font-family: Calibri, serif;\"><span style=\"font-size: medium;\">za po\u015brednictwem poczty elektronicznej na adres:\u00a0 kancelariaa@szpitalpsychiatrycznywegorzewo.pl<\/span><\/span><\/p>\n<\/li>\n<li>\n<p align=\"justify\"><span style=\"font-family: Calibri, serif;\"><span style=\"font-size: medium;\">za po\u015brednictwem poczty tradycyjnej na adres: Szpital Psychiatryczny Samodzielny Publiczny Zak\u0142ad Opieki Zdrowotnej w W\u0119gorzewie ul. Gen. J. Bema 24, 11-600 W\u0119gorzewo<\/span><\/span><\/p>\n<\/li>\n<\/ul>\n<p>\n<\/div><\/div><\/div><\/div><\/div><div class=\"boldRow  \" ><div class=\"boldRowInner\"><div class=\"rowItem col-md-12 col-ms-12  btTextLeft animate animate-fadein inherit\"  ><div class=\"rowItemContent\" ><div class=\"btClear btSeparator bottomSpaced noBorder\" ><hr><\/div><\/div><\/div><\/div><\/div><div class=\"boldRow  \" ><div class=\"boldRowInner\"><div class=\"rowItem col-md-12 col-ms-12  btTextCenter btMiddleVertical\"  ><div class=\"rowItemContent\" ><div class=\"btText\" ><\/p>\n<h3>DO POBRANIA:<\/h3>\n<p>\n<\/div><\/div><\/div><\/div><\/div><div class=\"boldRow  \" ><div class=\"boldRowInner\"><div class=\"rowItem col-md-6 col-sm-12 btTextCenter btMiddleVertical\"  ><div class=\"rowItemContent\" ><div class=\"btText\" ><\/p>\n<h4>Wniosek o dost\u0119p do informacji publicznej<br \/>\n(PLIK EDYTOWALNY .DOC)<\/h4>\n<p>\n<\/div><a href=\"\/wp-content\/uploads\/2024\/10\/wniosek-o-dostep-do-informacji-publicznej.doc\" class=\"btBtn btBtn btnOutlineStyle btnAccentColor btnExtraSmall btnNormalWidth btnRightPosition btnIco\"  target=\"_blank\"><span class=\"btnInnerText\">POBIERZ<\/span><span class=\"btIco \" ><span  data-ico-fa=\"&#xf019;\" class=\"btIcoHolder\"><em><\/em><\/span><\/span><\/a><\/div><\/div><div class=\"rowItem col-md-6 col-sm-12 btTextCenter btMiddleVertical\"  ><div class=\"rowItemContent\" ><div class=\"btText\" ><\/p>\n<h4>Wniosek o dost\u0119p do informacji publicznej (PDF)<\/h4>\n<p>\n<\/div><a href=\"\/wp-content\/uploads\/2024\/10\/wniosek-o-dostep-do-informacji-publicznej.pdf\" class=\"btBtn btBtn btnOutlineStyle btnAccentColor btnExtraSmall btnNormalWidth btnRightPosition btnIco\"  target=\"_blank\"><span class=\"btnInnerText\">POBIERZ<\/span><span class=\"btIco \" ><span  data-ico-fa=\"&#xf019;\" class=\"btIcoHolder\"><em><\/em><\/span><\/span><\/a><\/div><\/div><\/div><\/div><\/div><\/div><\/div><\/section><\/p>\n","protected":false},"excerpt":{"rendered":"","protected":false},"author":2,"featured_media":0,"parent":0,"menu_order":0,"comment_status":"closed","ping_status":"closed","template":"","meta":{"footnotes":""},"class_list":["post-13404","page","type-page","status-publish","hentry"],"_links":{"self":[{"href":"https:\/\/szpitalpsychiatrycznywegorzewo.pl\/index.php?rest_route=\/wp\/v2\/pages\/13404","targetHints":{"allow":["GET"]}}],"collection":[{"href":"https:\/\/szpitalpsychiatrycznywegorzewo.pl\/index.php?rest_route=\/wp\/v2\/pages"}],"about":[{"href":"https:\/\/szpitalpsychiatrycznywegorzewo.pl\/index.php?rest_route=\/wp\/v2\/types\/page"}],"author":[{"embeddable":true,"href":"https:\/\/szpitalpsychiatrycznywegorzewo.pl\/index.php?rest_route=\/wp\/v2\/users\/2"}],"replies":[{"embeddable":true,"href":"https:\/\/szpitalpsychiatrycznywegorzewo.pl\/index.php?rest_route=%2Fwp%2Fv2%2Fcomments&post=13404"}],"version-history":[{"count":4,"href":"https:\/\/szpitalpsychiatrycznywegorzewo.pl\/index.php?rest_route=\/wp\/v2\/pages\/13404\/revisions"}],"predecessor-version":[{"id":13411,"href":"https:\/\/szpitalpsychiatrycznywegorzewo.pl\/index.php?rest_route=\/wp\/v2\/pages\/13404\/revisions\/13411"}],"wp:attachment":[{"href":"https:\/\/szpitalpsychiatrycznywegorzewo.pl\/index.php?rest_route=%2Fwp%2Fv2%2Fmedia&parent=13404"}],"curies":[{"name":"wp","href":"https:\/\/api.w.org\/{rel}","templated":true}]}}