{"id":13281,"date":"2024-09-24T11:35:48","date_gmt":"2024-09-24T09:35:48","guid":{"rendered":"https:\/\/szpitalpsychiatrycznywegorzewo.pl\/?page_id=13281"},"modified":"2025-01-07T07:49:47","modified_gmt":"2025-01-07T06:49:47","slug":"departments-3-7-3","status":"publish","type":"page","link":"https:\/\/szpitalpsychiatrycznywegorzewo.pl\/?page_id=13281","title":{"rendered":"Procedura zg\u0142osze\u0144 wewn\u0119trznych"},"content":{"rendered":"<p><section id=\"bt_section69f88a6bb53c7\"  class=\"boldSection btDivider topSemiSpaced bottomSemiSpaced btDarkSkin gutter inherit wBackground cover\" style=\"background-color:#0176d5;background-image:url('https:\/\/szpitalpsychiatrycznywegorzewo.pl\/wp-content\/uploads\/2018\/03\/bgn-general-hospital-10.jpg');\"><div class=\"port\"><div class=\"boldCell\"><div class=\"boldCellInner\"><div class=\"boldRow  \" ><div class=\"boldRowInner\"><div class=\"rowItem col-md-12 col-ms-12  btTextLeft animate animate-fadein animate-moveleft inherit\"  ><div class=\"rowItemContent\" ><div class=\"btClear btSeparator topExtraSmallSpaced bottomExtraSmallSpaced noBorder\" ><hr><\/div><header class=\"header btClear extralarge btDash bottomDash  btAlternateDash\" ><div class=\"dash\"><h1><span class=\"headline\">Procedura zg\u0142osze\u0144 wewn\u0119trznych oraz podejmowania dzia\u0142a\u0144 nast\u0119pczych<\/span><\/h1><\/div><\/header><\/div><\/div><\/div><\/div><\/div><\/div><\/div><\/section><section id=\"bt_section69f88a6bb559b\"  class=\"boldSection topSpaced bottomSpaced gutter inherit\" ><div class=\"port\"><div class=\"boldCell\"><div class=\"boldCellInner\"><div class=\"boldRow  \" ><div class=\"boldRowInner\"><div class=\"rowItem col-md-12 col-ms-12  btTextLeft\"  ><div class=\"rowItemContent\" ><div class=\"btClear btSeparator bottomSmallSpaced noBorder\" ><hr><\/div><\/div><\/div><\/div><\/div><div class=\"boldRow  \" ><div class=\"boldRowInner\"><div class=\"rowItem col-md-3 col-sm-6 col-ms-12 btTextLeft\"  ><div class=\"rowItemContent\" ><div class=\"btText\" ><\/p>\n<p>1. Procedura zg\u0142osze\u0144 wewn\u0119trznych oraz podejmowania dzia\u0142a\u0144 nast\u0119pczych<\/p>\n<p>\n<\/div><\/div><\/div><div class=\"rowItem col-md-9 col-ms-12  btTextLeft\"  ><div class=\"rowItemContent\" ><a href=\"\/wp-content\/uploads\/2025\/01\/Procedura-zgloszen-wewnetrznych.pdf\" class=\"btBtn btBtn btnOutlineStyle btnAccentColor btnExtraSmall btnNormalWidth btnRightPosition btnIco\"  target=\"_blank\"><span class=\"btnInnerText\">POBIERZ<\/span><span class=\"btIco \" ><span  data-ico-fa=\"&#xf019;\" class=\"btIcoHolder\"><em><\/em><\/span><\/span><\/a><\/div><\/div><\/div><\/div><div class=\"boldRow  \" ><div class=\"boldRowInner\"><div class=\"rowItem col-md-12 col-ms-12  btTextLeft\"  ><div class=\"rowItemContent\" ><div class=\"btClear btSeparator bottomSmallSpaced noBorder\" ><hr><\/div><\/div><\/div><\/div><\/div><div class=\"boldRow  \" ><div class=\"boldRowInner\"><div class=\"rowItem col-md-3 col-sm-6 col-ms-12 btTextLeft\"  ><div class=\"rowItemContent\" ><div class=\"btText\" ><\/p>\n<p>1. Zarz\u0105dzenie wewn\u0119trzne ws. powo\u0142ania zast\u0119pcy Pe\u0142nomocnika ds. narusze\u0144 prawa<\/p>\n<p>\n<\/div><\/div><\/div><div class=\"rowItem col-md-9 col-ms-12  btTextLeft\"  ><div class=\"rowItemContent\" ><a href=\"\/wp-content\/uploads\/2025\/01\/zarzadzenie1.pdf\" class=\"btBtn btBtn btnOutlineStyle btnAccentColor btnExtraSmall btnNormalWidth btnRightPosition btnIco\"  target=\"_blank\"><span class=\"btnInnerText\">POBIERZ<\/span><span class=\"btIco \" ><span  data-ico-fa=\"&#xf019;\" class=\"btIcoHolder\"><em><\/em><\/span><\/span><\/a><\/div><\/div><\/div><\/div><div class=\"boldRow  \" ><div class=\"boldRowInner\"><div class=\"rowItem col-md-12 col-ms-12  btTextLeft\"  ><div class=\"rowItemContent\" ><div class=\"btClear btSeparator bottomSmallSpaced noBorder\" ><hr><\/div><\/div><\/div><\/div><\/div><div class=\"boldRow  \" ><div class=\"boldRowInner\"><div class=\"rowItem col-md-3 col-sm-6 col-ms-12 btTextLeft\"  ><div class=\"rowItemContent\" ><div class=\"btText\" ><\/p>\n<p>2. Zarz\u0105dzenie wewn\u0119trzne ws. wprowadzenia procedury zg\u0142osze\u0144 wewn\u0119trznych oraz podejmowania dzia\u0142a\u0144 nast\u0119pczych<\/p>\n<p>\n<\/div><\/div><\/div><div class=\"rowItem col-md-9 col-ms-12  btTextLeft\"  ><div class=\"rowItemContent\" ><a href=\"\/wp-content\/uploads\/2025\/01\/zarzadzenie-2.pdf\" class=\"btBtn btBtn btnOutlineStyle btnAccentColor btnExtraSmall btnNormalWidth btnRightPosition btnIco\"  target=\"_blank\"><span class=\"btnInnerText\">POBIERZ<\/span><span class=\"btIco \" ><span  data-ico-fa=\"&#xf019;\" class=\"btIcoHolder\"><em><\/em><\/span><\/span><\/a><\/div><\/div><\/div><\/div><div class=\"boldRow  \" ><div class=\"boldRowInner\"><div class=\"rowItem col-md-12 col-ms-12  btTextLeft\"  ><div class=\"rowItemContent\" ><div class=\"btClear btSeparator bottomSmallSpaced noBorder\" ><hr><\/div><\/div><\/div><\/div><\/div><div class=\"boldRow  \" ><div class=\"boldRowInner\"><div class=\"rowItem col-md-3 col-sm-6 col-ms-12 btTextLeft\"  ><div class=\"rowItemContent\" ><div class=\"btText\" ><\/p>\n<p>3. Zarz\u0105dzenie wewn\u0119trzne ws. zmiany sk\u0142adu Komisji ds. zg\u0142osze\u0144 narusze\u0144 prawa<\/p>\n<p>\n<\/div><\/div><\/div><div class=\"rowItem col-md-9 col-ms-12  btTextLeft\"  ><div class=\"rowItemContent\" ><a href=\"\/wp-content\/uploads\/2025\/01\/zarzadzenie-3.pdf\" class=\"btBtn btBtn btnOutlineStyle btnAccentColor btnExtraSmall btnNormalWidth btnRightPosition btnIco\"  target=\"_blank\"><span class=\"btnInnerText\">POBIERZ<\/span><span class=\"btIco \" ><span  data-ico-fa=\"&#xf019;\" class=\"btIcoHolder\"><em><\/em><\/span><\/span><\/a><\/div><\/div><\/div><\/div><div class=\"boldRow  \" ><div class=\"boldRowInner\"><div class=\"rowItem col-md-12 col-ms-12  btTextLeft\"  ><div class=\"rowItemContent\" ><div class=\"btClear btSeparator bottomSmallSpaced noBorder\" ><hr><\/div><\/div><\/div><\/div><\/div><\/div><\/div><\/div><\/section><\/p>\n","protected":false},"excerpt":{"rendered":"","protected":false},"author":2,"featured_media":0,"parent":0,"menu_order":0,"comment_status":"closed","ping_status":"closed","template":"","meta":{"footnotes":""},"class_list":["post-13281","page","type-page","status-publish","hentry"],"_links":{"self":[{"href":"https:\/\/szpitalpsychiatrycznywegorzewo.pl\/index.php?rest_route=\/wp\/v2\/pages\/13281","targetHints":{"allow":["GET"]}}],"collection":[{"href":"https:\/\/szpitalpsychiatrycznywegorzewo.pl\/index.php?rest_route=\/wp\/v2\/pages"}],"about":[{"href":"https:\/\/szpitalpsychiatrycznywegorzewo.pl\/index.php?rest_route=\/wp\/v2\/types\/page"}],"author":[{"embeddable":true,"href":"https:\/\/szpitalpsychiatrycznywegorzewo.pl\/index.php?rest_route=\/wp\/v2\/users\/2"}],"replies":[{"embeddable":true,"href":"https:\/\/szpitalpsychiatrycznywegorzewo.pl\/index.php?rest_route=%2Fwp%2Fv2%2Fcomments&post=13281"}],"version-history":[{"count":2,"href":"https:\/\/szpitalpsychiatrycznywegorzewo.pl\/index.php?rest_route=\/wp\/v2\/pages\/13281\/revisions"}],"predecessor-version":[{"id":13529,"href":"https:\/\/szpitalpsychiatrycznywegorzewo.pl\/index.php?rest_route=\/wp\/v2\/pages\/13281\/revisions\/13529"}],"wp:attachment":[{"href":"https:\/\/szpitalpsychiatrycznywegorzewo.pl\/index.php?rest_route=%2Fwp%2Fv2%2Fmedia&parent=13281"}],"curies":[{"name":"wp","href":"https:\/\/api.w.org\/{rel}","templated":true}]}}