{"id":13235,"date":"2024-09-16T12:55:15","date_gmt":"2024-09-16T10:55:15","guid":{"rendered":"https:\/\/szpitalpsychiatrycznywegorzewo.pl\/?page_id=13235"},"modified":"2025-12-22T10:57:32","modified_gmt":"2025-12-22T09:57:32","slug":"departments-3-7-2","status":"publish","type":"page","link":"https:\/\/szpitalpsychiatrycznywegorzewo.pl\/?page_id=13235","title":{"rendered":"Deklaracja dost\u0119pno\u015bci"},"content":{"rendered":"<p><section id=\"bt_section6a070ba736ea1\"  class=\"boldSection btDivider topSemiSpaced bottomSemiSpaced btDarkSkin gutter inherit wBackground cover\" style=\"background-color:#0176d5;background-image:url('https:\/\/szpitalpsychiatrycznywegorzewo.pl\/wp-content\/uploads\/2018\/03\/bgn-general-hospital-10.jpg');\"><div class=\"port\"><div class=\"boldCell\"><div class=\"boldCellInner\"><div class=\"boldRow  \" ><div class=\"boldRowInner\"><div class=\"rowItem col-md-12 col-ms-12  btTextLeft animate animate-fadein animate-moveleft inherit\"  ><div class=\"rowItemContent\" ><div class=\"btClear btSeparator topExtraSmallSpaced bottomExtraSmallSpaced noBorder\" ><hr><\/div><header class=\"header btClear extralarge btDash bottomDash  btAlternateDash\" ><div class=\"dash\"><h1><span class=\"headline\">Deklaracja dost\u0119pno\u015bci<\/span><\/h1><\/div><\/header><\/div><\/div><\/div><\/div><\/div><\/div><\/div><\/section><section id=\"bt_section6a070ba736f9e\"  class=\"boldSection topSpaced bottomSpaced gutter inherit\" ><div class=\"port\"><div class=\"boldCell\"><div class=\"boldCellInner\"><div class=\"boldRow  \" ><div class=\"boldRowInner\"><div class=\"rowItem col-md-12 col-ms-12  btTextLeft\"  ><div class=\"rowItemContent\" ><div class=\"btText\" ><\/p>\n<p>Szpital Psychiatryczny Samodzielny Publiczny Zak\u0142ad Opieki Zdrowotnej w W\u0119gorzewie zobowi\u0105zuje si\u0119 zapewni\u0107 dost\u0119pno\u015b\u0107 swojej strony internetowej zgodnie z przepisami ustawy z dnia 4 kwietnia 2019 r. o dost\u0119pno\u015bci cyfrowej stron internetowych i aplikacji mobilnych podmiot\u00f3w publicznych. O\u015bwiadczenie w sprawie dost\u0119pno\u015bci ma zastosowanie do <a href=\"http:\/\/www.szpitalpsychiatrycznywegorzewo.pl\">www.szpitalpsychiatrycznywegorzewo.pl<\/a><\/p>\n<ul>\n<li>Data publikacji strony internetowej:\u00a02019-03-04.<\/li>\n<li>Data ostatniej istotnej aktualizacji: 2025-12-22.<\/li>\n<\/ul>\n<p><strong>Status zgodno\u015bci z ustaw\u0105<\/strong><\/p>\n<p><b>Strona internetowa jest cz\u0119\u015bciowo zgodna<\/b>\u00a0z ustaw\u0105 z dnia 4 kwietnia 2019 r. o dost\u0119pno\u015bci cyfrowej stron internetowych i aplikacji mobilnych podmiot\u00f3w publicznych z powodu niezgodno\u015bci lub wy\u0142\u0105cze\u0144 wymienionych poni\u017cej.<\/p>\n<p><strong>Niespe\u0142nione wymagania<\/strong><\/p>\n<ul>\n<li>Filmy nie posiadaj\u0105 napis\u00f3w dla os\u00f3b g\u0142uchych.<\/li>\n<li>Pliki PDF, DOC itp. \u2013 staramy si\u0119 ograniczy\u0107 do minimum korzystanie z takich plik\u00f3w i osadza\u0107 teksty bezpo\u015brednio w serwisie. Odr\u0119bn\u0105 kwesti\u0105 jest poprawne formatowanie plik\u00f3w tak, by by\u0142y one dost\u0119pne (np. powinny posiada\u0107 struktur\u0119 znacznik\u00f3w, czyli tagowanie).<\/li>\n<li>Brak formularza kontaktowego<\/li>\n<\/ul>\n<p><strong>Powody braku spe\u0142nianiu wymaga\u0144<\/strong><\/p>\n<ul>\n<li>Filmy zosta\u0142y opublikowane przed wej\u015bciem w \u017cycie ustawy o dost\u0119pno\u015bci cyfrowej.<\/li>\n<li>Serwis zawiera dokumenty PDF, kt\u00f3re powsta\u0142y na podstawie \u017ale przygotowanych dokument\u00f3w Word (nie ma w nich dobrze zaznaczonej logicznej struktury) \u2013 lub s\u0105 skanami dokument\u00f3w. W miar\u0119 mo\u017cliwo\u015bci b\u0119dziemy to poprawia\u0107, oraz dok\u0142ada\u0107 stara\u0144 by nowe dokumenty przygotowywane by\u0142y poprawnie.<\/li>\n<li>Mo\u017cesz skontaktowa\u0107 si\u0119 z\u00a0nami pisz\u0105c na\u00a0adres e-mailowy lub dzwoni\u0105c. Dane teleadresowe znajduj\u0105 si\u0119 w\u00a0zak\u0142adce \u201eKONTAKT\u201d<\/li>\n<\/ul>\n<p><strong>Przygotowanie deklaracji dost\u0119pno\u015bci<\/strong><\/p>\n<p>O\u015bwiadczenie sporz\u0105dzono dnia:\u00a02022-11-10.<\/p>\n<p>Deklaracj\u0119 sporz\u0105dzono na podstawie samooceny przeprowadzonej przez podmiot publiczny.<\/p>\n<p>Data ostatniego przegl\u0105du deklaracji: 2025-03-24.<a name=\"Skr%C3%B3tyklawiaturowe\"><\/a><\/p>\n<p><strong>Skr\u00f3ty klawiaturowe<\/strong><\/p>\n<ul>\n<li>Na stronie internetowej mo\u017cna u\u017cywa\u0107 standardowych skr\u00f3t\u00f3w klawiaturowych przegl\u0105darki.<\/li>\n<\/ul>\n<p><strong>Informacje zwrotne i dane kontaktowe<\/strong><\/p>\n<p>W przypadku problem\u00f3w z dost\u0119pno\u015bci\u0105 strony internetowej prosimy o kontakt. Osob\u0105 kontaktow\u0105 jest\u00a0Norbert Dusza,\u00a0<span class=\"nobr\"><a class=\"external-link\" href=\"mailto:informatyk@szpitalpsychiatrycznywegorzewo.pl\" target=\"_blank\" rel=\"nofollow noopener\">informatyk@szpitalpsychiatrycznywegorzewo.pl<\/a><\/span>. Kontaktowa\u0107 mo\u017cna si\u0119 tak\u017ce dzwoni\u0105c na numer telefonu <span class=\"error\">tel: 530592022<\/span>. T\u0105 sam\u0105 drog\u0105 mo\u017cna sk\u0142ada\u0107 wnioski o udost\u0119pnienie informacji niedost\u0119pnej oraz sk\u0142ada\u0107 skargi na brak zapewnienia dost\u0119pno\u015bci.<a name=\"Obs%C5%82ugawniosk%C3%B3wiskargzwi%C4%85zanychzdost%C4%99pno%C5%9Bci%C4%85\"><\/a><\/p>\n<p><strong>Obs\u0142uga wniosk\u00f3w i skarg na temat deklaracji dost\u0119pno\u015bci<\/strong><\/p>\n<p>Ka\u017cdy ma prawo do wyst\u0105pienia z \u017c\u0105daniem zapewnienia dost\u0119pno\u015bci cyfrowej strony internetowej, aplikacji mobilnej lub jakiego\u015b ich elementu. Mo\u017cna tak\u017ce za\u017c\u0105da\u0107 udost\u0119pnienia informacji za pomoc\u0105 alternatywnego sposobu dost\u0119pu, na przyk\u0142ad przez odczytanie niedost\u0119pnego cyfrowo dokumentu, opisanie zawarto\u015bci filmu bez audiodeskrypcji itp. \u017b\u0105danie powinno zawiera\u0107 dane osoby zg\u0142aszaj\u0105cej \u017c\u0105danie, wskazanie, o kt\u00f3r\u0105 stron\u0119 internetow\u0105 lub aplikacj\u0119 mobiln\u0105 chodzi oraz spos\u00f3b kontaktu. Je\u017celi osoba \u017c\u0105daj\u0105ca zg\u0142asza potrzeb\u0119 otrzymania informacji za pomoc\u0105 alternatywnego sposobu dost\u0119pu, powinna tak\u017ce okre\u015bli\u0107 dogodny dla niej spos\u00f3b przedstawienia tej informacji. Podmiot publiczny powinien zrealizowa\u0107 \u017c\u0105danie niezw\u0142ocznie, nie p\u00f3\u017aniej ni\u017c w ci\u0105gu 7 dni od dnia wyst\u0105pienia z \u017c\u0105daniem. Je\u017celi dotrzymanie tego terminu nie jest mo\u017cliwe, podmiot publiczny niezw\u0142ocznie informuje o tym wnosz\u0105cego \u017c\u0105danie, kiedy realizacja \u017c\u0105dania b\u0119dzie mo\u017cliwa, przy czym termin ten nie mo\u017ce by\u0107 d\u0142u\u017cszy ni\u017c 2 miesi\u0105ce od dnia wyst\u0105pienia z \u017c\u0105daniem. Je\u017celi zapewnienie dost\u0119pno\u015bci cyfrowej nie jest mo\u017cliwe, podmiot publiczny mo\u017ce zaproponowa\u0107 alternatywny spos\u00f3b dost\u0119pu do informacji. W przypadku, gdy podmiot publiczny odm\u00f3wi realizacji \u017c\u0105dania zapewnienia dost\u0119pno\u015bci lub alternatywnego sposobu dost\u0119pu do informacji, wnosz\u0105cy \u017c\u0105danie mo\u017cne z\u0142o\u017cy\u0107 skarg\u0119 w sprawie zapewniana dost\u0119pno\u015bci cyfrowej strony internetowej, aplikacji mobilnej lub elementu strony internetowej, lub aplikacji mobilnej. Po wyczerpaniu wskazanej wy\u017cej procedury mo\u017cna tak\u017ce z\u0142o\u017cy\u0107 wniosek do Rzecznika Praw Obywatelskich.<\/p>\n<p><a class=\"external-link\" href=\"https:\/\/www.rpo.gov.pl\/content\/jak-zglosic-sie-do-rzecznika-praw-obywatelskich\" target=\"_blank\" rel=\"nofollow noopener\">Strona internetowa Rzecznika Praw Obywatelskich<\/a><a name=\"Dost%C4%99pno%C5%9B%C4%87architektoniczna\"><\/a><\/p>\n<p><strong>Dost\u0119pno\u015b\u0107 architektoniczna:<\/strong><a name=\"Adres\"><\/a><\/p>\n<p><strong>Adres<\/strong><\/p>\n<ul>\n<li>Wojew\u00f3dztwo \u2013 Warmi\u0144sko-mazurskie<\/li>\n<li>Powiat \u2013 W\u0119gorzewski<\/li>\n<li>Gmina \u2013 W\u0119gorzewo<\/li>\n<li>Miasto \u2013 W\u0119gorzewo<\/li>\n<li>ul. Gen. J\u00f3zefa Bema 24<\/li>\n<li>11-600 W\u0119gorzewo<\/li>\n<\/ul>\n<p><strong>Parking<\/strong><\/p>\n<ul>\n<li>Miejsca parkingowe s\u0105 pomalowane na niebiesko i prawid\u0142owo oznakowane.<\/li>\n<li>Parking jest bezp\u0142atny.<\/li>\n<li>Miejsca parkingowe znajduj\u0105 si\u0119 na dziedzi\u0144cu. Mo\u017cna na niego wjecha\u0107 przez bram\u0119. Szlaban otwiera stra\u017cnik.<\/li>\n<\/ul>\n<p><strong>Wej\u015bcie do budynku<\/strong><\/p>\n<ul>\n<li>Przy schodach znajduje si\u0119 por\u0119cz.<\/li>\n<li>Do wej\u015bcia doprowadzona jest sta\u0142a pochylnia o nachyleniu 3%.<\/li>\n<li>Drzwi musisz otworzy\u0107 r\u0119cznie.<\/li>\n<li>Otwieraj\u0105 si\u0119 na zewn\u0105trz.<\/li>\n<li>Otworzenie drzwi nie wymaga du\u017cej si\u0142y.<\/li>\n<li>Drzwi maj\u0105 wygodn\u0105 i ergonomiczn\u0105 klamk\u0119.<\/li>\n<li>Mo\u017cna je \u0142atwo utrzyma\u0107 w pozycji otwartej.<\/li>\n<li>Jest mo\u017cliwo\u015b\u0107 wst\u0119pu z psem asystuj\u0105cym.<\/li>\n<\/ul>\n<p><strong>Przestrze\u0144 za wej\u015bciem<\/strong><\/p>\n<ul>\n<li>Wszystkie elementy znajduj\u0105 si\u0119 na parterze budynki w p\u0119tli izby przyj\u0119\u0107<\/li>\n<li>Przestrze\u0144 jest zazwyczaj cicha i spokojna.<\/li>\n<li>Pomieszczenie jest dobrze o\u015bwietlone.<\/li>\n<\/ul>\n<p><strong>Ci\u0105gi poziome<\/strong><\/p>\n<ul>\n<li>Wszystkie pomieszczenia znajduj\u0105 si\u0119 na tym samym poziomie i na jednej kondygnacji, nie dotyczy wej\u015bcia i przestrzeni za wej\u015bciem.<\/li>\n<\/ul>\n<p><strong>Ci\u0105gi pionowe<\/strong><\/p>\n<ul>\n<li>Na inne kondygnacje mo\u017cesz si\u0119 dosta\u0107 za pomoc\u0105 schod\u00f3w<\/li>\n<li>Mo\u017cesz skorzysta\u0107 z windy.<\/li>\n<\/ul>\n<p><strong>Schody<\/strong><\/p>\n<ul>\n<li>Ci\u0105g schod\u00f3w sk\u0142ada si\u0119 z 11 stopni.<\/li>\n<li>Stopie\u0144 ma wysoko\u015b\u0107 15 centymetr\u00f3w.<\/li>\n<li>Przy schodach znajduje si\u0119 por\u0119cz wzd\u0142u\u017c ca\u0142ego ci\u0105gu.<\/li>\n<\/ul>\n<p><strong>Winda<\/strong><\/p>\n<ul>\n<li>Drzwi windy otwieraj\u0105 si\u0119 automatycznie<\/li>\n<li>Szeroko\u015b\u0107 drzwi wynosi 150 centymetr\u00f3w<\/li>\n<li>Winda znajduje si\u0119 w budynku<\/li>\n<li>w obr\u0119bie izby przyj\u0119\u0107<\/li>\n<li>Kabina windy ma g\u0142\u0119boko\u015b\u0107 200 centymetr\u00f3w i szeroko\u015b\u0107 150 centymetr\u00f3w.<\/li>\n<li>Przyciski steruj\u0105ce maj\u0105 du\u017ce oznaczenia.<\/li>\n<li>W razie problem\u00f3w \u2013 zadzwo\u0144 do obs\u0142ugi na numer telefonu: 695050404<\/li>\n<\/ul>\n<p><strong>Pomieszczenia<\/strong><\/p>\n<ul>\n<li>Wszystkie pomieszczenia s\u0105 dost\u0119pne dla os\u00f3b na w\u00f3zkach.<\/li>\n<\/ul>\n<p><strong>\u0141azienka<\/strong><\/p>\n<ul>\n<li>W budynku jest toaleta dost\u0119pna dla os\u00f3b z niepe\u0142nosprawno\u015bci\u0105.<\/li>\n<li>parter, izba przyj\u0119\u0107<\/li>\n<li>Drzwi otwieraj\u0105 si\u0119 na zewn\u0105trz.<\/li>\n<li>Drzwi \u0142atwo pozostaj\u0105 w pozycji otwartej.<\/li>\n<li>Szeroko\u015b\u0107 otworu wej\u015bciowego wynosi 100 centymetr\u00f3w.<\/li>\n<li>Na \u015bcianach s\u0105 zamontowane por\u0119cze.<\/li>\n<li>Przestrze\u0144 manewrowa wynosi 200 centymetr\u00f3w.<\/li>\n<li>Przestrze\u0144 manewrowa przed ust\u0119pem wynosi 200 centymetr\u00f3w.<\/li>\n<li>Przestrze\u0144 po lewej wynosi 100 centymetr\u00f3w.<\/li>\n<li>Przestrze\u0144 manewrowa po prawej stronie ust\u0119pu wynosi 100 centymetr\u00f3w.<\/li>\n<li>Pochwyty s\u0105 po obu stronach ust\u0119pu.<\/li>\n<\/ul>\n<p>Aplikacje mobilne:<\/p>\n<p>Szpital nie udost\u0119pnia aplikacji na urz\u0105dzenia mobilne.<a name=\"Dodatkoweinformacje\"><\/a><\/p>\n<p>Szpital daje mo\u017cliwo\u015b\u0107 wej\u015bcia z psem asystuj\u0105cym zgodnie z procedur\u0105 w za\u0142\u0105czeniu.<\/p>\n<p>\n<\/div><\/div><\/div><\/div><\/div><div class=\"boldRow  \" ><div class=\"boldRowInner\"><div class=\"rowItem col-md-12 col-ms-12  btTextLeft\"  ><div class=\"rowItemContent\" ><div class=\"btClear btSeparator bottomSmallSpaced noBorder\" ><hr><\/div><\/div><\/div><\/div><\/div><div class=\"boldRow  \" ><div class=\"boldRowInner\"><div class=\"rowItem col-md-4 col-ms-12 btTextLeft\"  ><div class=\"rowItemContent\" ><div class=\"btText\" ><\/p>\n<ol>\n<li>Zarz\u0105dzenie nr 862025<\/li>\n<\/ol>\n<p>\n<\/div><\/div><\/div><div class=\"rowItem col-md-8 col-ms-12 btTextLeft\"  ><div class=\"rowItemContent\" ><a href=\"\/wp-content\/uploads\/2025\/12\/Zarzadzenie-nr-862025.pdf\" class=\"btBtn btBtn btnOutlineStyle btnAccentColor btnExtraSmall btnNormalWidth btnRightPosition btnIco\"  target=\"_blank\"><span class=\"btnInnerText\">POBIERZ<\/span><span class=\"btIco \" ><span  data-ico-fa=\"&#xf019;\" class=\"btIcoHolder\"><em><\/em><\/span><\/span><\/a><\/div><\/div><\/div><\/div><div class=\"boldRow  \" ><div class=\"boldRowInner\"><div class=\"rowItem col-md-12 col-ms-12  btTextLeft\"  ><div class=\"rowItemContent\" ><div class=\"btClear btSeparator bottomSmallSpaced noBorder\" ><hr><\/div><\/div><\/div><\/div><\/div><div class=\"boldRow  \" ><div class=\"boldRowInner\"><div class=\"rowItem col-md-4 col-ms-12 btTextLeft\"  ><div class=\"rowItemContent\" ><div class=\"btText\" ><\/p>\n<ol>\n<li>Za\u0142\u0105cznik do zarz\u0105dzenia nr 862025 dotycz\u0105cego wej\u015bcia do szpitala z psem asystuj\u0105cym<\/li>\n<\/ol>\n<p>\n<\/div><\/div><\/div><div class=\"rowItem col-md-8 col-ms-12 btTextLeft\"  ><div class=\"rowItemContent\" ><a href=\"\/wp-content\/uploads\/2025\/12\/Zalacznik-do-Zarzadzenia-nr-862025.pdf\" class=\"btBtn btBtn btnOutlineStyle btnAccentColor btnExtraSmall btnNormalWidth btnRightPosition btnIco\"  target=\"_blank\"><span class=\"btnInnerText\">POBIERZ<\/span><span class=\"btIco \" ><span  data-ico-fa=\"&#xf019;\" class=\"btIcoHolder\"><em><\/em><\/span><\/span><\/a><\/div><\/div><\/div><\/div><\/div><\/div><\/div><\/section><\/p>\n","protected":false},"excerpt":{"rendered":"","protected":false},"author":2,"featured_media":0,"parent":0,"menu_order":0,"comment_status":"closed","ping_status":"closed","template":"","meta":{"footnotes":""},"class_list":["post-13235","page","type-page","status-publish","hentry"],"_links":{"self":[{"href":"https:\/\/szpitalpsychiatrycznywegorzewo.pl\/index.php?rest_route=\/wp\/v2\/pages\/13235","targetHints":{"allow":["GET"]}}],"collection":[{"href":"https:\/\/szpitalpsychiatrycznywegorzewo.pl\/index.php?rest_route=\/wp\/v2\/pages"}],"about":[{"href":"https:\/\/szpitalpsychiatrycznywegorzewo.pl\/index.php?rest_route=\/wp\/v2\/types\/page"}],"author":[{"embeddable":true,"href":"https:\/\/szpitalpsychiatrycznywegorzewo.pl\/index.php?rest_route=\/wp\/v2\/users\/2"}],"replies":[{"embeddable":true,"href":"https:\/\/szpitalpsychiatrycznywegorzewo.pl\/index.php?rest_route=%2Fwp%2Fv2%2Fcomments&post=13235"}],"version-history":[{"count":4,"href":"https:\/\/szpitalpsychiatrycznywegorzewo.pl\/index.php?rest_route=\/wp\/v2\/pages\/13235\/revisions"}],"predecessor-version":[{"id":14251,"href":"https:\/\/szpitalpsychiatrycznywegorzewo.pl\/index.php?rest_route=\/wp\/v2\/pages\/13235\/revisions\/14251"}],"wp:attachment":[{"href":"https:\/\/szpitalpsychiatrycznywegorzewo.pl\/index.php?rest_route=%2Fwp%2Fv2%2Fmedia&parent=13235"}],"curies":[{"name":"wp","href":"https:\/\/api.w.org\/{rel}","templated":true}]}}