{"id":13120,"date":"2024-08-13T07:52:34","date_gmt":"2024-08-13T05:52:34","guid":{"rendered":"https:\/\/szpitalpsychiatrycznywegorzewo.pl\/?page_id=13120"},"modified":"2026-01-07T07:35:33","modified_gmt":"2026-01-07T06:35:33","slug":"departments-3-6","status":"publish","type":"page","link":"https:\/\/szpitalpsychiatrycznywegorzewo.pl\/?page_id=13120","title":{"rendered":"Informacje og\u00f3lne"},"content":{"rendered":"<p><section id=\"bt_section69dee69f4da50\"  class=\"boldSection btDivider topSemiSpaced bottomSemiSpaced btDarkSkin gutter inherit wBackground cover\" style=\"background-color:#0176d5;background-image:url('https:\/\/szpitalpsychiatrycznywegorzewo.pl\/wp-content\/uploads\/2018\/03\/bgn-general-hospital-10.jpg');\"><div class=\"port\"><div class=\"boldCell\"><div class=\"boldCellInner\"><div class=\"boldRow  \" ><div class=\"boldRowInner\"><div class=\"rowItem col-md-12 col-ms-12  btTextLeft animate animate-fadein animate-moveleft inherit\"  ><div class=\"rowItemContent\" ><div class=\"btClear btSeparator topExtraSmallSpaced bottomExtraSmallSpaced noBorder\" ><hr><\/div><header class=\"header btClear extralarge btDash bottomDash  btAlternateDash\" ><div class=\"dash\"><h1><span class=\"headline\">&#8222;Zdrowie psychiczne najwy\u017cszym dobrem cz\u0142owieka&#8222;<\/span><\/h1><\/div><div class=\"btSubTitle\">Misja Szpitala<\/div><\/header><\/div><\/div><\/div><\/div><\/div><\/div><\/div><\/section><section id=\"bt_section69dee69f4db62\"  class=\"boldSection topSpaced bottomSpaced gutter inherit\" ><div class=\"port\"><div class=\"boldCell\"><div class=\"boldCellInner\"><div class=\"boldRow  \" ><div class=\"boldRowInner\"><div class=\"rowItem col-md-12 col-ms-12  btTextLeft\"  ><div class=\"rowItemContent\" ><div class=\"btText\" ><\/p>\n<p>Szpital Psychiatryczny Samodzielny Publiczny Zak\u0142ad Opieki Zdrowotnej w W\u0119gorzewie jest jednostk\u0105 samodzieln\u0105 od 1996 roku , administracyjnie podlega Samorz\u0105dowi Wojew\u00f3dztwa warmi\u0144sko \u2013 mazurskiego. Cieszy si\u0119 niemal 60 letni\u0105 tradycj\u0105 sprawowania opieki nad osobami z zaburzeniami psychicznymi.<\/p>\n<p>Szpital zajmuje nisz\u0119 stacjonarnego i ambulatoryjnego lecznictwa na podstawie wyznaczonej rejonizacji dla ludno\u015bci powiat\u00f3w: e\u0142ckiego, gi\u017cyckiego, k\u0119trzy\u0144skiego, oleckiego, go\u0142dapskiego, piskiego, w\u0119gorzewskiego oraz pozosta\u0142ej cz\u0119\u015bci wojew\u00f3dztwa warmi\u0144sko-mazurskiego, wojew\u00f3dztw o\u015bciennych, przyjezdnych z innych cz\u0119\u015bci kraju i cudzoziemc\u00f3w.<\/p>\n<p>Teren dzia\u0142ania szpitala jest \u015brodowiskiem rolniczym o du\u017cym bezrobociu maj\u0105cym znaczny wp\u0142yw na zachowania prozdrowotne mieszka\u0144c\u00f3w i ich zdrowie psychiczne. Zauwa\u017camy tendencje wzrostu zachorowalno\u015bci na zaburzenia psychiczne z uzale\u017cnieniem od alkoholu i substancji psychoaktywnych, zaburzenia nerwicowe, l\u0119kowe i depresyjne. Zachorowalno\u015b\u0107 na schizofreni\u0119 i zaburzenia endogenne utrzymuje si\u0119 na tym samym poziomie. Zapotrzebowanie na us\u0142ugi zdrowotne rozpoznawane jest poprzez wsp\u00f3\u0142prac\u0119 z terenowymi poradniami zdrowia psychicznego i opiek\u0105 spo\u0142eczn\u0105. Zakres obecnych us\u0142ug medycznych jakie proponuje szpital jest dostosowany do potrzeb spo\u0142ecze\u0144stwa, za\u015b oferowane us\u0142ugi realizowane s\u0105 w spos\u00f3b profesjonalny i przyjazny dla pacjenta z zaspokojeniem wszystkich jego potrzeb.<\/p>\n<p style=\"text-align: left;\">Nasz Szpital jest jednym z trzech specjalistycznych szpitali w wojew\u00f3dztwie warmi\u0144sko \u2013 mazurskim o profilu psychiatrycznym i jedynym w wojew\u00f3dztwie posiadaj\u0105cym w swych strukturach Zak\u0142ad Opieku\u0144czo \u2013 Leczniczy Psychiatryczny oraz Wojew\u00f3dzki O\u015brodek Terapii Uzale\u017cnienia od Alkoholu i Wsp\u00f3\u0142uzale\u017cnienia.<\/p>\n<p>\n<\/div><\/div><\/div><\/div><\/div><div class=\"boldRow  \" ><div class=\"boldRowInner\"><div class=\"rowItem col-md-12 col-ms-12  btTextLeft animate animate-fadein inherit\"  ><div class=\"rowItemContent\" ><div class=\"btClear btSeparator bottomSpaced noBorder\" ><hr><\/div><\/div><\/div><\/div><\/div><div class=\"boldRow  \" ><div class=\"boldRowInner\"><div class=\"rowItem col-md-12 col-ms-12  btTextLeft animate animate-fadein btMiddleVertical btDoublePadding\"  ><div class=\"rowItemContent\" ><header class=\"header btClear medium btDash bottomDash  btAlternateDash\" ><div class=\"dash\"><h3><span class=\"headline\">Oddzia\u0142y w strukturze szpitala<\/span><\/h3><\/div><\/header><\/div><\/div><\/div><\/div><div class=\"boldRow  \" ><div class=\"boldRowInner\"><div class=\"rowItem col-md-12 col-ms-12  btTextLeft\"  ><div class=\"rowItemContent\" ><div class=\"btText\" ><\/p>\n<ul>\n<li>Oddzia\u0142 Psychiatryczny II \u2013 34 \u0142\u00f3\u017cka<\/li>\n<li>Oddzia\u0142 Psychiatryczny III \u2013 34 \u0142\u00f3\u017cek<\/li>\n<li>Oddzia\u0142 Detoksykacyjny Alkoholowy \u2013 25 \u0142\u00f3\u017cek<\/li>\n<li>Oddzia\u0142 Psychiatryczny Dzienny \u2013 5 miejsc<\/li>\n<li>Zak\u0142ad Opieku\u0144czo-Leczniczy Psychiatryczny dla Doros\u0142ych \u2013 82 \u0142\u00f3\u017cka<\/li>\n<li>Wojew\u00f3dzki O\u015brodek Terapii Uzale\u017cnienia od Alkoholu i Wsp\u00f3\u0142uzale\u017cnienia w Gi\u017cycku \u2013 32 \u0142\u00f3\u017cka<\/li>\n<\/ul>\n<p>\n<\/div><\/div><\/div><\/div><\/div><div class=\"boldRow  \" ><div class=\"boldRowInner\"><div class=\"rowItem col-md-12 col-ms-12  btTextLeft animate animate-fadein inherit\"  ><div class=\"rowItemContent\" ><div class=\"btClear btSeparator bottomSpaced noBorder\" ><hr><\/div><\/div><\/div><\/div><\/div><div class=\"boldRow  \" ><div class=\"boldRowInner\"><div class=\"rowItem col-md-12 col-ms-12  btTextLeft animate animate-fadein btMiddleVertical btDoublePadding\"  ><div class=\"rowItemContent\" ><header class=\"header btClear medium btDash bottomDash  btAlternateDash\" ><div class=\"dash\"><h3><span class=\"headline\">Poradnie ambulatoryjne<\/span><\/h3><\/div><\/header><\/div><\/div><\/div><\/div><div class=\"boldRow  \" ><div class=\"boldRowInner\"><div class=\"rowItem col-md-12 col-ms-12  btTextLeft\"  ><div class=\"rowItemContent\" ><div class=\"btText\" ><\/p>\n<ul>\n<li>Poradnia Zdrowia Psychicznego w W\u0119gorzewie<\/li>\n<li>Poradnia Zdrowia Psychicznego w Gi\u017cycku<\/li>\n<li>Poradnia Zdrowia Psychicznego w Piszu<\/li>\n<li>Poradnia Terapii Uzale\u017cnienia od Alkoholu i Wsp\u00f3\u0142uzale\u017cnienia w W\u0119gorzewie<\/li>\n<li>Poradnia Terapii Uzale\u017cnienia od Alkoholu i Wsp\u00f3\u0142uzale\u017cnienia w Gi\u017cycku<\/li>\n<\/ul>\n<p>\n<\/div><\/div><\/div><\/div><\/div><div class=\"boldRow  \" ><div class=\"boldRowInner\"><div class=\"rowItem col-md-12 col-ms-12  btTextLeft animate animate-fadein inherit\"  ><div class=\"rowItemContent\" ><div class=\"btClear btSeparator bottomSpaced noBorder\" ><hr><\/div><\/div><\/div><\/div><\/div><div class=\"boldRow  \" ><div class=\"boldRowInner\"><div class=\"rowItem col-md-12 col-ms-12  btTextLeft animate animate-fadein btMiddleVertical btDoublePadding\"  ><div class=\"rowItemContent\" ><header class=\"header btClear medium btDash bottomDash  btAlternateDash\" ><div class=\"dash\"><h3><span class=\"headline\">Realizacja dzia\u0142alno\u015bci leczniczej<\/span><\/h3><\/div><div class=\"btSubTitle\">Dzia\u0142alno\u015b\u0107 lecznicza realizowana jest poprzez:<\/div><\/header><\/div><\/div><\/div><\/div><div class=\"boldRow  \" ><div class=\"boldRowInner\"><div class=\"rowItem col-md-12 col-ms-12  btTextLeft\"  ><div class=\"rowItemContent\" ><div class=\"btText\" ><\/p>\n<ul>\n<li>rozpoznawanie i leczenie chor\u00f3b psychicznych,<\/li>\n<li>rozpoznawanie i leczenie zaburze\u0144 nerwicowych oraz zaburze\u0144 osobowo\u015bci,<\/li>\n<li>rozpoznawanie i leczenie zaburze\u0144 psychosomatycznych,<\/li>\n<li>diagnostyk\u0119 i terapi\u0119 zaburze\u0144 psychicznych wieku podesz\u0142ego,<\/li>\n<li>diagnostyk\u0119 oraz leczenie zaburze\u0144 towarzysz\u0105cych upo\u015bledzeniom,<\/li>\n<li>leczenie i opiek\u0119 nad przewlekle chorymi psychicznie,<\/li>\n<li>wczesn\u0105 rehabilitacj\u0119 zaburze\u0144 psychicznych,<\/li>\n<li>rehabilitacj\u0119 os\u00f3b przewlekle chorych psychicznie,<\/li>\n<li>opiek\u0119 w \u015brodowisku nad osobami z zaburzeniami psychicznymi,<\/li>\n<li>detoksykacj\u0119 i wczesn\u0105 rehabilitacj\u0119 uzale\u017cnionych od alkoholu i innych \u015brodk\u00f3w psychoaktywnych,<\/li>\n<li>detoksykacj\u0119 alkoholowych zespo\u0142\u00f3w abstynencyjnych,<\/li>\n<li>psychoterapi\u0119 i rehabilitacj\u0119 os\u00f3b uzale\u017cnionych od alkoholu,<\/li>\n<li>prowadzenie zaj\u0119\u0107 terapeutycznych dla os\u00f3b uzale\u017cnionych od alkoholu i ich rodzin,<\/li>\n<li>konsultacje specjalistyczne dla zak\u0142ad\u00f3w leczenia odwykowego na terenie wojew\u00f3dztwa,<\/li>\n<li>dzia\u0142alno\u015b\u0107 szkoleniow\u0105 w zakresie rozwi\u0105zywania problem\u00f3w alkoholowych,<\/li>\n<li>wykonywanie bada\u0144 s\u0105dowo-psychiatrycznych oraz obserwacji na zlecenie s\u0105d\u00f3w i prokuratury,<\/li>\n<li>prowadzenie internacji w ramach oddzia\u0142\u00f3w psychiatrycznych o podstawowym zabezpieczeniu,<\/li>\n<li>opieka i poradnictwo w zakresie spraw socjalnych.<\/li>\n<\/ul>\n<p>\n<\/div><\/div><\/div><\/div><\/div><div class=\"boldRow  \" ><div class=\"boldRowInner\"><div class=\"rowItem col-md-12 col-ms-12  btTextLeft animate animate-fadein inherit\"  ><div class=\"rowItemContent\" ><div class=\"btClear btSeparator bottomSpaced noBorder\" ><hr><\/div><\/div><\/div><\/div><\/div><div class=\"boldRow  \" ><div class=\"boldRowInner\"><div class=\"rowItem col-md-12 col-ms-12  btTextLeft\"  ><div class=\"rowItemContent\" ><div class=\"btText\" ><\/p>\n<p>Nadrz\u0119dnym celem Szpitala jest udzielanie specjalistycznych \u015bwiadcze\u0144 zdrowotnych na najwy\u017cszym poziomie i ci\u0105g\u0142e ich doskonalenie.<\/p>\n<p>\u015awiadczenia realizowanie s\u0105 w spos\u00f3b \u017cyczliwy i profesjonalny, w celu pe\u0142nego zrozumienia pacjenta i zaspokojenia jego potrzeb poprzez w\u0142a\u015bciwy d\u00f3br us\u0142ug.<\/p>\n<p>Powy\u017cszy nadrz\u0119dny cel realizowany jest poprzez:<\/p>\n<ol>\n<li>Przestrzeganie praw pacjenta;<\/li>\n<li>Sta\u0142e podnoszenie kwalifikacji personelu;<\/li>\n<li>Dba\u0142o\u015b\u0107 o bezpiecze\u0144stwo pacjenta, przestrzeganie ustalonych standard\u00f3w i procedur;<\/li>\n<li>Monitorowanie zaka\u017ce\u0144 szpitalnych;<\/li>\n<li>Badanie poziomu satysfakcji pacjent\u00f3w;<\/li>\n<li>Racjonaln\u0105 i efektywn\u0105 gospodark\u0105 zasobami szpitala.<\/li>\n<li>Wdro\u017cenie, utrzymanie i ci\u0105g\u0142e dostosowywanie systemu zarz\u0105dzania jako\u015bci\u0105 zgodnie z norm\u0105 ISO 9001:2015<\/li>\n<\/ol>\n<p>\u015awiadczenia zdrowotne w ramach ambulatoryjnej i stacjonarnej opieki w rodzaju opieka psychiatryczna i leczenia uzale\u017cnie\u0144 udzielane s\u0105 na podstawie umowy, zawartej z Oddzia\u0142em Narodowego Funduszu Zdrowia w Olsztynie. \u015awiadczymy r\u00f3wnie\u017c bezp\u0142atne us\u0142ugi medyczne dla os\u00f3b nieubezpieczonych.<\/p>\n<p>Realizujemy w szpitalu program terapeutyczno-rehabilitacyjny umo\u017cliwiaj\u0105cy osobom z zaburzeniami psychicznymi lepsz\u0105 adaptacj\u0119 do \u015brodowiska szpitalnego, aktywizacj\u0119 pacjent\u00f3w, uczenie wsp\u00f3lnego podejmowania decyzji i ponoszenia za nie odpowiedzialno\u015bci, wspieranie chorego w kolejnych kryzysach emocjonalnych i interpersonalnych oraz powr\u00f3t do aktywnego \u017cycia w spo\u0142ecze\u0144stwie.<\/p>\n<p>\n<\/div><\/div><\/div><\/div><\/div><\/div><\/div><\/div><\/section><\/p>\n","protected":false},"excerpt":{"rendered":"","protected":false},"author":2,"featured_media":0,"parent":0,"menu_order":0,"comment_status":"closed","ping_status":"closed","template":"","meta":{"footnotes":""},"class_list":["post-13120","page","type-page","status-publish","hentry"],"_links":{"self":[{"href":"https:\/\/szpitalpsychiatrycznywegorzewo.pl\/index.php?rest_route=\/wp\/v2\/pages\/13120","targetHints":{"allow":["GET"]}}],"collection":[{"href":"https:\/\/szpitalpsychiatrycznywegorzewo.pl\/index.php?rest_route=\/wp\/v2\/pages"}],"about":[{"href":"https:\/\/szpitalpsychiatrycznywegorzewo.pl\/index.php?rest_route=\/wp\/v2\/types\/page"}],"author":[{"embeddable":true,"href":"https:\/\/szpitalpsychiatrycznywegorzewo.pl\/index.php?rest_route=\/wp\/v2\/users\/2"}],"replies":[{"embeddable":true,"href":"https:\/\/szpitalpsychiatrycznywegorzewo.pl\/index.php?rest_route=%2Fwp%2Fv2%2Fcomments&post=13120"}],"version-history":[{"count":2,"href":"https:\/\/szpitalpsychiatrycznywegorzewo.pl\/index.php?rest_route=\/wp\/v2\/pages\/13120\/revisions"}],"predecessor-version":[{"id":14275,"href":"https:\/\/szpitalpsychiatrycznywegorzewo.pl\/index.php?rest_route=\/wp\/v2\/pages\/13120\/revisions\/14275"}],"wp:attachment":[{"href":"https:\/\/szpitalpsychiatrycznywegorzewo.pl\/index.php?rest_route=%2Fwp%2Fv2%2Fmedia&parent=13120"}],"curies":[{"name":"wp","href":"https:\/\/api.w.org\/{rel}","templated":true}]}}