{"id":12689,"date":"2024-06-21T08:54:32","date_gmt":"2024-06-21T06:54:32","guid":{"rendered":"http:\/\/10.0.26.110\/?page_id=12689"},"modified":"2024-07-01T12:53:49","modified_gmt":"2024-07-01T10:53:49","slug":"departments-3","status":"publish","type":"page","link":"https:\/\/szpitalpsychiatrycznywegorzewo.pl\/?page_id=12689","title":{"rendered":"Inspektor Ochrony Danych"},"content":{"rendered":"<p><section id=\"bt_section69e43ef8505a6\"  class=\"boldSection btDivider topSemiSpaced bottomSemiSpaced btDarkSkin gutter inherit wBackground cover\" style=\"background-color:#0176d5;background-image:url('https:\/\/szpitalpsychiatrycznywegorzewo.pl\/wp-content\/uploads\/2018\/03\/bgn-general-hospital-10.jpg');\"><div class=\"port\"><div class=\"boldCell\"><div class=\"boldCellInner\"><div class=\"boldRow  \" ><div class=\"boldRowInner\"><div class=\"rowItem col-md-12 col-ms-12  btTextLeft animate animate-fadein animate-moveleft inherit\"  ><div class=\"rowItemContent\" ><div class=\"btClear btSeparator topExtraSmallSpaced bottomExtraSmallSpaced noBorder\" ><hr><\/div><header class=\"header btClear extralarge btDash bottomDash  btAlternateDash\" ><div class=\"dash\"><h1><span class=\"headline\">Inspektor Ochrony Danych<\/span><\/h1><\/div><div class=\"btSubTitle\">Informacja kontaktowa<\/div><\/header><\/div><\/div><\/div><\/div><\/div><\/div><\/div><\/section><section id=\"bt_section69e43ef8506b3\"  class=\"boldSection topSpaced bottomSpaced gutter inherit\" ><div class=\"port\"><div class=\"boldCell\"><div class=\"boldCellInner\"><div class=\"boldRow  \" ><div class=\"boldRowInner\"><div class=\"rowItem col-md-12 col-ms-12  btTextLeft\"  ><div class=\"rowItemContent\" ><div class=\"btText\" ><\/p>\n<p style=\"text-align: center;\">Na podstawie art. 11 ustawy z dnia 10 maja 2018 r. o ochronie danych osobowych (Dz. U.. 2019 poz.1781 z p\u00f3\u017an zm.) informujemy, \u017ce w Szpitalu Psychiatryczny Samodzielnym Publicznym Zak\u0142adzie opieki Zdrowotnej w W\u0119gorzewie zosta\u0142 wyznaczony inspektor ochrony danych osobowych, z kt\u00f3rym mog\u0105 si\u0119 Pa\u0144stwo kontaktowa\u0107 w sprawach przetwarzania Pa\u0144stwa danych osobowych za po\u015brednictwem poczty elektronicznej oraz numeru telefonu:<\/p>\n<p>\n<\/div><\/div><\/div><\/div><\/div><div class=\"boldRow  \" ><div class=\"boldRowInner\"><div class=\"rowItem col-md-12 col-ms-12  btTextLeft animate animate-fadein inherit\"  ><div class=\"rowItemContent\" ><div class=\"btClear btSeparator bottomSpaced noBorder\" ><hr><\/div><\/div><\/div><\/div><\/div><div class=\"boldRow  \" ><div class=\"boldRowInner\"><div class=\"rowItem col-md-12 col-ms-12  btTextLeft animate animate-fadein btMiddleVertical btDoublePadding\"  ><div class=\"rowItemContent\" ><div class=\"btText\" ><\/p>\n<div class=\"btText\">\n<p style=\"text-align: center;\"><strong><em>Paulina Wi\u0119ckiel<\/em><\/strong><\/p>\n<p style=\"text-align: center;\"><strong><em>e-mail: paulina.wieckiel@gptogatus.pl<\/em><\/strong><\/p>\n<p style=\"text-align: center;\"><strong><em>tel. 534 860 829<\/em><\/strong><\/p>\n<\/div>\n<p>\n<\/div><\/div><\/div><\/div><\/div><\/div><\/div><\/div><\/section><\/p>\n","protected":false},"excerpt":{"rendered":"","protected":false},"author":2,"featured_media":0,"parent":0,"menu_order":0,"comment_status":"closed","ping_status":"closed","template":"","meta":{"footnotes":""},"class_list":["post-12689","page","type-page","status-publish","hentry"],"_links":{"self":[{"href":"https:\/\/szpitalpsychiatrycznywegorzewo.pl\/index.php?rest_route=\/wp\/v2\/pages\/12689","targetHints":{"allow":["GET"]}}],"collection":[{"href":"https:\/\/szpitalpsychiatrycznywegorzewo.pl\/index.php?rest_route=\/wp\/v2\/pages"}],"about":[{"href":"https:\/\/szpitalpsychiatrycznywegorzewo.pl\/index.php?rest_route=\/wp\/v2\/types\/page"}],"author":[{"embeddable":true,"href":"https:\/\/szpitalpsychiatrycznywegorzewo.pl\/index.php?rest_route=\/wp\/v2\/users\/2"}],"replies":[{"embeddable":true,"href":"https:\/\/szpitalpsychiatrycznywegorzewo.pl\/index.php?rest_route=%2Fwp%2Fv2%2Fcomments&post=12689"}],"version-history":[{"count":0,"href":"https:\/\/szpitalpsychiatrycznywegorzewo.pl\/index.php?rest_route=\/wp\/v2\/pages\/12689\/revisions"}],"wp:attachment":[{"href":"https:\/\/szpitalpsychiatrycznywegorzewo.pl\/index.php?rest_route=%2Fwp%2Fv2%2Fmedia&parent=12689"}],"curies":[{"name":"wp","href":"https:\/\/api.w.org\/{rel}","templated":true}]}}