{"id":12642,"date":"2024-06-18T15:25:42","date_gmt":"2024-06-18T13:25:42","guid":{"rendered":"http:\/\/10.0.26.110\/?page_id=12642"},"modified":"2025-09-22T10:36:18","modified_gmt":"2025-09-22T08:36:18","slug":"departments-2","status":"publish","type":"page","link":"https:\/\/szpitalpsychiatrycznywegorzewo.pl\/?page_id=12642","title":{"rendered":"Kontakt"},"content":{"rendered":"<p><section id=\"bt_section6a01c2f6705c2\"  class=\"boldSection btDivider topSemiSpaced bottomSemiSpaced btDarkSkin gutter inherit wBackground cover\" style=\"background-color:#0176d5;background-image:url('https:\/\/szpitalpsychiatrycznywegorzewo.pl\/wp-content\/uploads\/2018\/03\/bgn-general-hospital-10.jpg');\"><div class=\"port\"><div class=\"boldCell\"><div class=\"boldCellInner\"><div class=\"boldRow  \" ><div class=\"boldRowInner\"><div class=\"rowItem col-md-8 col-ms-12 btTextLeft animate animate-fadein animate-moveleft inherit\"  ><div class=\"rowItemContent\" ><div class=\"btClear btSeparator topExtraSmallSpaced bottomExtraSmallSpaced noBorder\" ><hr><\/div><header class=\"header btClear extralarge btDash bottomDash  btAlternateDash\" ><div class=\"dash\"><h1><span class=\"headline\">Kontakt<\/span><\/h1><\/div><\/header><\/div><\/div><div class=\"rowItem col-md-4 col-ms-12 btTextLeft\"  ><div class=\"rowItemContent\" ><\/div><\/div><\/div><\/div><\/div><\/div><\/div><\/section><section id=\"bt_section6a01c2f6707ab\"  class=\"boldSection topSpaced bottomSpaced gutter inherit\" ><div class=\"port\"><div class=\"boldCell\"><div class=\"boldCellInner\"><div class=\"boldRow  \" ><div class=\"boldRowInner\"><div class=\"rowItem col-md-12 col-ms-12  btTextLeft animate animate-fadein inherit\"  ><div class=\"rowItemContent\" ><div class=\"btClear btSeparator bottomSemiSpaced noBorder\" ><hr><\/div><\/div><\/div><\/div><\/div><div class=\"boldRow  \" ><div class=\"boldRowInner\"><div class=\"rowItem col-md-12 col-ms-12  btTextCenter animate animate-fadein btMiddleVertical btDoublePadding\"  ><div class=\"rowItemContent\" ><header class=\"header btClear medium btDash bottomDash  btAccentDash\" ><div class=\"dash\"><h3><span class=\"headline\">Szpital Psychiatryczny Samodzielny Publiczny Zak\u0142ad Opieki Zdrowotnej<\/span><\/h3><\/div><\/header><div class=\"btClear btSeparator bottomExtraSmallSpaced noBorder\" ><hr><\/div><div class=\"btText\" ><\/p>\n<p class=\"v1gmail-has-text-align-center\" style=\"text-align: center;\"><strong>ul. Genera\u0142a J\u00f3zefa Bema 24, 11 \u2013 600 W\u0119gorzewo<\/strong><br \/>\n<strong>NIP:\u00a0845 \u2013 11 \u2013 47 \u2013 643\u00a0REGON:\u00a0790240956<\/strong><br \/>\n<strong>Tel: 87 427-29-70, Fax: 87 427-27-85<\/strong><\/p>\n<p class=\"v1gmail-has-text-align-center\" style=\"text-align: center;\"><strong>e-mail: kancelariaa@szpitalpsychiatrycznywegorzewo.pl<\/strong><br \/>\n<strong>strona: www.szpitalpsychiatrycznywegorzewo.pl<\/strong><\/p>\n<p>\n<\/div><div class=\"btClear btSeparator topExtraSmallSpaced bottomSmallSpaced noBorder\" ><hr><\/div><\/div><\/div><\/div><\/div><\/div><\/div><\/div><\/section><section id=\"bt_section6a01c2f670a36\"  class=\"boldSection gutter\" ><div class=\"port\"><div class=\"boldCell\"><div class=\"boldCellInner\"><div class=\"boldRow  \" ><div class=\"boldRowInner\"><div class=\"rowItem col-md-12 col-ms-12  btTextCenter inherit\"  ><div class=\"rowItemContent\" ><header class=\"header btClear medium btDash bottomDash  btAccentDash\" ><div class=\"dash\"><h3><span class=\"headline\">Dane kontaktowe:<\/span><\/h3><\/div><\/header><div class=\"btClear btSeparator topSemiSpaced noBorder\" ><hr><\/div><\/div><\/div><\/div><\/div><\/div><\/div><\/div><\/section><section id=\"bt_section6a01c2f670aea\"  class=\"boldSection gutter\" ><div class=\"port\"><div class=\"boldCell\"><div class=\"boldCellInner\"><div class=\"boldRow  \" ><div class=\"boldRowInner\"><div class=\"rowItem col-md-12 col-ms-12  btTextLeft\"  ><div class=\"rowItemContent\" ><div class=\"btText\" ><\/p>\n<table width=\"811\">\n<tbody>\n<tr>\n<td style=\"text-align: center;\" width=\"394\">Dyrektor\/sekretariat<\/td>\n<td style=\"text-align: center;\" width=\"417\">87 427-01-11<br \/>\ndyrektor@szpitalpsychiatrycznywegorzewo.pl<\/td>\n<\/tr>\n<tr>\n<td style=\"text-align: center;\" width=\"394\">Sekretariat dyrektora<\/td>\n<td style=\"text-align: center;\" width=\"417\">87 427-01-11<br \/>\nkancelariaa@szpitalpsychiatrycznywegorzewo.pl<\/td>\n<\/tr>\n<tr>\n<td style=\"text-align: center;\" width=\"394\">Zast\u0119pca Dyrektora ds. Lecznictwa<\/p>\n<p>Zast\u0119pca Dyrektora ds. inwestycyjno-technicznych<\/td>\n<td style=\"text-align: center;\" width=\"417\">87 427-29-70 wew. 213<\/p>\n<p>87 427-01-50 wew. 150<\/td>\n<\/tr>\n<tr>\n<td style=\"text-align: center;\" rowspan=\"2\" width=\"394\">Prze\u0142o\u017cona Piel\u0119gniarek<\/td>\n<td style=\"text-align: center;\" width=\"417\">87 427-01-22<\/td>\n<\/tr>\n<tr>\n<td style=\"text-align: center;\" width=\"417\">87 427-29-70 wew. 122<\/td>\n<\/tr>\n<tr>\n<td style=\"text-align: center;\" width=\"394\">Pe\u0142nomocnik Dyrektora ds. Systemu Zarz\u0105dzania Jako\u015bci\u0105<\/td>\n<td style=\"text-align: center;\" width=\"417\">kontakt za po\u015brednictwem sekretariatu \u2013 tel. 87 427 01 11<br \/>\ne-mail:\u00a0iso@spitalpsychiatrycznywegorzewo.pl<\/td>\n<\/tr>\n<tr>\n<td style=\"text-align: center;\" width=\"394\">Pe\u0142nomocnik ds. Ochrony Informacji Niejawnych<\/td>\n<td style=\"text-align: center;\" width=\"417\">87 427-29-70 wew. 155<\/td>\n<\/tr>\n<tr>\n<td style=\"text-align: center;\" width=\"394\">Inspektor Ochrony Danych<\/td>\n<td style=\"text-align: center;\">iod@szpitalpsychiatrycznywegorzewo.pl<\/td>\n<\/tr>\n<tr>\n<td><\/td>\n<td><\/td>\n<\/tr>\n<tr>\n<td style=\"text-align: left;\"><strong>Szpital<\/strong><\/td>\n<td><\/td>\n<\/tr>\n<tr>\n<td><\/td>\n<td><\/td>\n<\/tr>\n<tr>\n<td style=\"text-align: center;\" width=\"394\">Centrala\/Sekretariat medyczny<\/td>\n<td style=\"text-align: center;\" width=\"417\">87 427-29-70<br \/>\n87 427-42-22<br \/>\nkancelariab@szpitalpsychiatrycznywegorzewo.pl<\/td>\n<\/tr>\n<tr>\n<td style=\"text-align: center;\" width=\"394\">Izba Przyj\u0119\u0107<\/td>\n<td style=\"text-align: center;\" width=\"417\">87 427-01-23<\/td>\n<\/tr>\n<tr>\n<td style=\"text-align: center;\" width=\"394\">Sekcja Statystyki Medycznej i Dokumentacji Medycznej<\/td>\n<td style=\"text-align: center;\" width=\"417\">87 427-01-24<\/td>\n<\/tr>\n<tr>\n<td style=\"text-align: left;\" width=\"394\"><strong>Oddzia\u0142 Og\u00f3lnopsychiatryczny II<\/strong><\/td>\n<td width=\"417\"><\/td>\n<\/tr>\n<tr>\n<td style=\"text-align: center;\" width=\"394\">Koordynator oddzia\u0142u II<\/td>\n<td style=\"text-align: center;\" width=\"417\">87 427-01-28<\/td>\n<\/tr>\n<tr>\n<td style=\"text-align: center;\" width=\"394\">Dy\u017curka<\/td>\n<td style=\"text-align: center;\" width=\"417\">87 427-29-70 wew 210<\/td>\n<\/tr>\n<tr>\n<td style=\"text-align: center;\" width=\"394\">Pracownik socjalny<\/td>\n<td style=\"text-align: center;\" width=\"417\">87 427-29-70 wew 212<\/td>\n<\/tr>\n<tr>\n<td style=\"text-align: center;\" width=\"394\">Sekretarka medyczna<\/td>\n<td style=\"text-align: center;\" width=\"417\">87 427-29-70 wew 156<\/td>\n<\/tr>\n<tr>\n<td style=\"text-align: center;\" width=\"394\">Pacjenci<\/td>\n<td style=\"text-align: center;\" width=\"417\">87 427-29-70 wew 218<\/td>\n<\/tr>\n<tr>\n<td style=\"text-align: left;\" width=\"394\"><strong>Oddzia\u0142 Og\u00f3lnopsychiatryczny III<\/strong><\/td>\n<td width=\"417\"><\/td>\n<\/tr>\n<tr>\n<td style=\"text-align: center;\" width=\"394\">Ordynator oddzia\u0142u III<\/td>\n<td style=\"text-align: center;\" width=\"417\">87 427-01-29<\/td>\n<\/tr>\n<tr>\n<td style=\"text-align: center;\" width=\"394\">Dy\u017curka<\/td>\n<td style=\"text-align: center;\" width=\"417\">87 427-29-70 wew 310<\/td>\n<\/tr>\n<tr>\n<td style=\"text-align: center;\" width=\"394\">Pracownik socjalny<\/td>\n<td style=\"text-align: center;\" width=\"417\">87 427-29-70 wew 312<\/td>\n<\/tr>\n<tr>\n<td style=\"text-align: center;\" width=\"394\">Pacjenci<\/td>\n<td style=\"text-align: center;\" width=\"417\">87 427-29-70 wew 318<\/td>\n<\/tr>\n<tr>\n<td style=\"text-align: left;\" width=\"394\"><strong>Oddzia\u0142 Detoksykacji Alkoholowy<\/strong><\/td>\n<td width=\"417\"><\/td>\n<\/tr>\n<tr>\n<td style=\"text-align: center;\" width=\"394\">Koordynator<\/td>\n<td style=\"text-align: center;\" width=\"417\">87 427-29-70 wew 415<\/td>\n<\/tr>\n<tr>\n<td style=\"text-align: center;\" width=\"394\">Gabinet lekarski<\/td>\n<td style=\"text-align: center;\" width=\"417\">87 427-29-70 wew 127<\/td>\n<\/tr>\n<tr>\n<td style=\"text-align: center;\" width=\"394\">Dy\u017curka<\/td>\n<td style=\"text-align: center;\" width=\"417\">87 427-29-70 wew 413<\/td>\n<\/tr>\n<tr>\n<td style=\"text-align: center;\" width=\"394\">Dy\u017curka 2<\/td>\n<td style=\"text-align: center;\" width=\"417\">87 427-29-70 wew 410<\/td>\n<\/tr>\n<tr>\n<td style=\"text-align: center;\" width=\"394\">Pracownik socjalny<\/td>\n<td style=\"text-align: center;\" width=\"417\">87 427-29-70 wew 143<\/td>\n<\/tr>\n<tr>\n<td style=\"text-align: center;\" width=\"394\">Pacjenci<\/td>\n<td style=\"text-align: center;\" width=\"417\">87 427-29-70 wew 144<\/td>\n<\/tr>\n<tr>\n<td style=\"text-align: center;\"><\/td>\n<td style=\"text-align: center;\"><\/td>\n<\/tr>\n<tr>\n<td style=\"text-align: center;\"><\/td>\n<td><\/td>\n<\/tr>\n<tr>\n<td><\/td>\n<td><\/td>\n<\/tr>\n<tr>\n<td style=\"text-align: left;\" colspan=\"2\"><strong>Wojew\u00f3dzki O\u015brodek Terapii Uzale\u017cnienia od Alkoholu i Wsp\u00f3\u0142uzale\u017cnienia w Gi\u017cycku<\/strong><\/td>\n<\/tr>\n<tr>\n<td><\/td>\n<td><\/td>\n<\/tr>\n<tr>\n<td style=\"text-align: center;\" width=\"394\">Kierownik O\u015brodka<\/td>\n<td style=\"text-align: center;\" width=\"417\">87 428-40-30 wew \u00a013<\/td>\n<\/tr>\n<tr>\n<td style=\"text-align: center;\" width=\"394\">Kierownik Terapii<\/td>\n<td style=\"text-align: center;\" width=\"417\">87 428-40-30 wew 14<\/td>\n<\/tr>\n<tr>\n<td style=\"text-align: center;\" width=\"394\">Sekretariat<\/td>\n<td style=\"text-align: center;\" width=\"417\">87 428-40-30<br \/>\nwotuw@szpitalpsychiatrycznywegorzewo.pl<\/td>\n<\/tr>\n<tr>\n<td style=\"text-align: center;\" width=\"394\">Piel\u0119gniarka Oddzia\u0142owa<\/td>\n<td style=\"text-align: center;\" width=\"417\">87 428-40-30 wew \u00a018<\/td>\n<\/tr>\n<tr>\n<td style=\"text-align: center;\" width=\"394\">Poradnia Terapii Uzale\u017cnienia od Alkoholu<\/td>\n<td style=\"text-align: center;\" rowspan=\"2\" width=\"417\">87 428-40-30 wew \u00a017<\/td>\n<\/tr>\n<tr>\n<td style=\"text-align: center;\" width=\"394\">i Wsp\u00f3\u0142uzale\u017cnienia w Gi\u017cycku<\/td>\n<\/tr>\n<tr>\n<td style=\"text-align: center;\"><\/td>\n<td style=\"text-align: center;\"><\/td>\n<\/tr>\n<tr>\n<td style=\"text-align: left;\" colspan=\"2\"><strong>Zak\u0142ad Opieku\u0144czo-Leczniczy Psychiatryczny w W\u0119gorzewie<\/strong><\/td>\n<\/tr>\n<tr>\n<td><\/td>\n<td style=\"text-align: center;\"><\/td>\n<\/tr>\n<tr>\n<td style=\"text-align: center;\" width=\"394\">Koordynator<\/td>\n<td style=\"text-align: center;\" width=\"417\">87 421 62 28 (wew. 14)<\/td>\n<\/tr>\n<tr>\n<td style=\"text-align: center;\" width=\"394\">Piel\u0119gniarka\u00a0Oddzia\u0142owa<\/td>\n<td style=\"text-align: center;\" width=\"417\">87 421 62 28 (wew. 13)<\/td>\n<\/tr>\n<tr>\n<td style=\"text-align: center;\" width=\"394\">Dy\u017curka<\/td>\n<td style=\"text-align: center;\" width=\"417\">87 421 62 28 (wew. 11 lub 12)<\/td>\n<\/tr>\n<tr>\n<td style=\"text-align: center;\" width=\"394\">Sekretariat<\/td>\n<td style=\"text-align: center;\" width=\"417\">87 421 62 28 (wew. 10)<br \/>\nzolp@szpitalpsychiatrycznywegorzewo.pl<\/td>\n<\/tr>\n<tr>\n<td style=\"text-align: center;\" width=\"394\">Sekretariat<\/td>\n<td style=\"text-align: center;\" width=\"417\">wew. 10<\/td>\n<\/tr>\n<tr>\n<td style=\"text-align: center;\" width=\"394\">Opiekunowie medyczni<\/td>\n<td style=\"text-align: center;\" width=\"417\">wew. 15 lub 16<\/td>\n<\/tr>\n<tr>\n<td style=\"text-align: center;\" width=\"394\">Lekarz<\/td>\n<td style=\"text-align: center;\" width=\"417\">wew. 17<\/td>\n<\/tr>\n<tr>\n<td style=\"text-align: center;\" width=\"394\">Psycholog<\/td>\n<td style=\"text-align: center;\" width=\"417\">wew. 18<\/td>\n<\/tr>\n<tr>\n<td style=\"text-align: center;\" width=\"394\">Pacjenci<\/td>\n<td style=\"text-align: center;\" width=\"417\">wew. 19<\/td>\n<\/tr>\n<tr>\n<td style=\"text-align: center;\"><\/td>\n<td><\/td>\n<\/tr>\n<tr>\n<td style=\"text-align: left;\"><strong>Poradnie<\/strong><\/td>\n<td><\/td>\n<\/tr>\n<tr>\n<td style=\"text-align: center;\"><\/td>\n<td><\/td>\n<\/tr>\n<tr>\n<td style=\"text-align: center;\" width=\"394\">Poradnia Zdrowia Psychicznego w W\u0119gorzewie<\/td>\n<td style=\"text-align: center;\" width=\"417\">87 427-22-29<\/td>\n<\/tr>\n<tr>\n<td style=\"text-align: center;\" rowspan=\"2\" width=\"394\">Poradnia Zdrowia Psychicznego w Gi\u017cycku<\/td>\n<td style=\"text-align: center;\" width=\"417\">\u00a0533 319 564<\/td>\n<\/tr>\n<tr>\n<td style=\"text-align: center;\" width=\"417\"><\/td>\n<\/tr>\n<tr>\n<td style=\"text-align: center;\" width=\"394\">Poradnia Zdrowia Psychicznego w Piszu<\/td>\n<td style=\"text-align: center;\" width=\"417\">501-026-211<\/td>\n<\/tr>\n<tr>\n<td style=\"text-align: center;\" width=\"394\">Poradnia Terapii Uzale\u017cnienia od Alkoholu<br \/>\ni Wsp\u00f3\u0142uzale\u017cnienia w W\u0119gorzewie<\/td>\n<td style=\"text-align: center;\" width=\"417\">87 427-29-70 wew 503<\/td>\n<\/tr>\n<tr>\n<td style=\"text-align: center;\" width=\"394\">Poradnia Terapii Uzale\u017cnienia od Alkoholu<br \/>\ni Wsp\u00f3\u0142uzale\u017cnienia w Gi\u017cycku<\/td>\n<td style=\"text-align: center;\" width=\"417\">87 428-40-30<\/td>\n<\/tr>\n<tr>\n<td><\/td>\n<td><\/td>\n<\/tr>\n<tr>\n<td style=\"text-align: left;\"><strong>Dzia\u0142 Organizacyjno-Administracyjny<\/strong><\/td>\n<td style=\"text-align: left;\"><\/td>\n<\/tr>\n<tr>\n<td><\/td>\n<td><\/td>\n<\/tr>\n<tr>\n<td style=\"text-align: center;\" width=\"394\">Kadry<\/td>\n<td style=\"text-align: center;\" width=\"417\">87 427-01-13<\/td>\n<\/tr>\n<tr>\n<td style=\"text-align: center;\" width=\"394\">Zam\u00f3wienia Publiczne<\/td>\n<td style=\"text-align: center;\" width=\"417\">87 427-29-70 wew 155<\/td>\n<\/tr>\n<tr>\n<td style=\"text-align: center;\"><\/td>\n<td><\/td>\n<\/tr>\n<tr>\n<td style=\"text-align: left;\"><strong>Dzia\u0142 Ekonomiczno-Finansowy<\/strong><\/td>\n<td><\/td>\n<\/tr>\n<tr>\n<td style=\"text-align: center;\"><\/td>\n<td><\/td>\n<\/tr>\n<tr>\n<td style=\"text-align: center;\" width=\"394\">G\u0142\u00f3wny Ksi\u0119gowy<\/td>\n<td style=\"text-align: center;\" width=\"417\">87 427-27-42, 427-01-15<\/td>\n<\/tr>\n<tr>\n<td style=\"text-align: center;\" width=\"394\">Zast\u0119pca G\u0142\u00f3wnego Ksi\u0119gowego<\/td>\n<td style=\"text-align: center;\" width=\"417\">87 427-01-16<\/td>\n<\/tr>\n<tr>\n<td style=\"text-align: center;\" width=\"394\">Ksi\u0119gowo\u015b\u0107<\/td>\n<td style=\"text-align: center;\" width=\"417\">87 427-01-16<\/td>\n<\/tr>\n<tr>\n<td style=\"text-align: center;\" width=\"394\">P\u0142ace<\/td>\n<td style=\"text-align: center;\" width=\"417\">87 427-01-12<\/td>\n<\/tr>\n<tr>\n<td style=\"text-align: center;\" width=\"394\">Kasa<\/td>\n<td style=\"text-align: center;\" width=\"417\">87 427-01-14<\/td>\n<\/tr>\n<tr>\n<td style=\"text-align: center;\"><\/td>\n<td><\/td>\n<\/tr>\n<tr>\n<td style=\"text-align: left;\"><strong>Dzia\u0142 Techniczny<\/strong><\/td>\n<td><\/td>\n<\/tr>\n<tr>\n<td style=\"text-align: center;\"><\/td>\n<td><\/td>\n<\/tr>\n<tr>\n<td style=\"text-align: center;\" width=\"394\">Kierownik<\/td>\n<td style=\"text-align: center;\" width=\"417\">87 427-01-17<\/td>\n<\/tr>\n<tr>\n<td style=\"text-align: center;\" width=\"394\">Referent ds. technicznych<\/td>\n<td style=\"text-align: center;\" width=\"417\">87 427-01-17<\/td>\n<\/tr>\n<tr>\n<td style=\"text-align: center;\" width=\"394\">Nieruchomo\u015bci<\/td>\n<td style=\"text-align: center;\" width=\"417\">87 427-29-70 wew 117<\/td>\n<\/tr>\n<tr>\n<td style=\"text-align: center;\" width=\"394\">Magazynier<\/td>\n<td style=\"text-align: center;\" width=\"417\">87 427-29-70 wew 130<\/td>\n<\/tr>\n<tr>\n<td style=\"text-align: center;\"><\/td>\n<td><\/td>\n<\/tr>\n<tr>\n<td style=\"text-align: left;\"><strong>Dzia\u0142 \u017bywienia<\/strong><\/td>\n<td><\/td>\n<\/tr>\n<tr>\n<td style=\"text-align: center;\"><\/td>\n<td><\/td>\n<\/tr>\n<tr>\n<td style=\"text-align: center;\" width=\"394\">Kierownik<\/td>\n<td style=\"text-align: center;\" width=\"417\">87 427-01-19<\/td>\n<\/tr>\n<tr>\n<td style=\"text-align: center;\" width=\"394\">Kuchnia<\/td>\n<td style=\"text-align: center;\" width=\"417\">87 427-29-70 wew 131<\/td>\n<\/tr>\n<tr>\n<td style=\"text-align: center;\" width=\"394\">Magazyn spo\u017cywczy<\/td>\n<td style=\"text-align: center;\" width=\"417\">87 427-29-70 wew 132<\/td>\n<\/tr>\n<tr>\n<td style=\"text-align: center;\"><\/td>\n<td><\/td>\n<\/tr>\n<tr>\n<td style=\"text-align: left;\"><strong>Stanowiska Samodzielne<\/strong><\/td>\n<td><\/td>\n<\/tr>\n<tr>\n<td style=\"text-align: center;\"><\/td>\n<td><\/td>\n<\/tr>\n<tr>\n<td style=\"text-align: center;\" width=\"394\">Inspektor ds. BHP i PPO\u017b<\/td>\n<td style=\"text-align: center;\" width=\"417\">87 427-01-18<\/td>\n<\/tr>\n<tr>\n<td style=\"text-align: center;\" width=\"394\">Informatyk<\/td>\n<td style=\"text-align: center;\" width=\"417\">87 427-29-70 wew 140<\/td>\n<\/tr>\n<tr>\n<td style=\"text-align: center;\" width=\"394\">Inspektor ds Obrony Cywilnej i Zarz\u0105dzania Kryzysowego<\/p>\n<p>Pe\u0142nomocnik ds. pacjent\u00f3w<\/td>\n<td style=\"text-align: center;\" width=\"417\">87 427-29-70<\/p>\n<p>pelnomocnikpacjenta@szpitalpsychiatrycznywegorzewo.pl<\/td>\n<\/tr>\n<\/tbody>\n<\/table>\n<p>&nbsp;<\/p>\n<p>\n<\/div><\/div><\/div><\/div><\/div><\/div><\/div><\/div><\/section><\/p>\n","protected":false},"excerpt":{"rendered":"","protected":false},"author":2,"featured_media":0,"parent":0,"menu_order":0,"comment_status":"closed","ping_status":"closed","template":"","meta":{"footnotes":""},"class_list":["post-12642","page","type-page","status-publish","hentry"],"_links":{"self":[{"href":"https:\/\/szpitalpsychiatrycznywegorzewo.pl\/index.php?rest_route=\/wp\/v2\/pages\/12642","targetHints":{"allow":["GET"]}}],"collection":[{"href":"https:\/\/szpitalpsychiatrycznywegorzewo.pl\/index.php?rest_route=\/wp\/v2\/pages"}],"about":[{"href":"https:\/\/szpitalpsychiatrycznywegorzewo.pl\/index.php?rest_route=\/wp\/v2\/types\/page"}],"author":[{"embeddable":true,"href":"https:\/\/szpitalpsychiatrycznywegorzewo.pl\/index.php?rest_route=\/wp\/v2\/users\/2"}],"replies":[{"embeddable":true,"href":"https:\/\/szpitalpsychiatrycznywegorzewo.pl\/index.php?rest_route=%2Fwp%2Fv2%2Fcomments&post=12642"}],"version-history":[{"count":7,"href":"https:\/\/szpitalpsychiatrycznywegorzewo.pl\/index.php?rest_route=\/wp\/v2\/pages\/12642\/revisions"}],"predecessor-version":[{"id":14064,"href":"https:\/\/szpitalpsychiatrycznywegorzewo.pl\/index.php?rest_route=\/wp\/v2\/pages\/12642\/revisions\/14064"}],"wp:attachment":[{"href":"https:\/\/szpitalpsychiatrycznywegorzewo.pl\/index.php?rest_route=%2Fwp%2Fv2%2Fmedia&parent=12642"}],"curies":[{"name":"wp","href":"https:\/\/api.w.org\/{rel}","templated":true}]}}